{"id":5796,"date":"2022-09-01T13:56:14","date_gmt":"2022-09-01T10:56:14","guid":{"rendered":"https:\/\/karcamedikal.com\/old\/?page_id=5796"},"modified":"2022-12-06T17:08:54","modified_gmt":"2022-12-06T14:08:54","slug":"medikal-sik-sorulan-sorular","status":"publish","type":"page","link":"https:\/\/karcamedikal.com\/old\/medikal-sik-sorulan-sorular\/","title":{"rendered":"SIK\u00c7A SORULAN SORULAR"},"content":{"rendered":"<p>[vc_row][vc_column]<div id=\"mpc_accordion-2769d81ce3d24bc\" class=\"mpc-accordion mpc-init mpc-transition mpc-accordion--indent mpc-accordion--indent \" ><ul class=\"mpc-accordion__content\"><li class=\"mpc-accordion__item \"><div class=\"mpc-accordion-item__heading mpc-transition mpc-active\"><div data-id=\"mpc_icon-8669d81ce3d2495\" class=\"mpc-icon mpc-init mpc-transition mpc-effect-none mpc-icon-hover \"><div class=\"mpc-icon-wrap\"><i class=\"mpc-icon-part mpc-regular mpc-transition  fa fa-check\"><\/i><i class=\"mpc-icon-part mpc-hover mpc-transition  fa fa-check-square\"><\/i><\/div><\/div><h3>Third (3rd ) Party Kontroller ?<\/h3><\/div><div class=\"mpc-accordion-item__content mpc-container\"  data-active=\"true\"><div class=\"mpc-accordion-item__indent\"><div data-id=\"mpc_icon-8669d81ce3d2495\" class=\"mpc-icon mpc-init mpc-transition mpc-effect-none mpc-icon-hover \"><div class=\"mpc-icon-wrap\"><i class=\"mpc-icon-part mpc-regular mpc-transition  fa fa-check\"><\/i><i class=\"mpc-icon-part mpc-hover mpc-transition  fa fa-check-square\"><\/i><\/div><\/div><\/div><div class=\"mpc-accordion-item__wrapper\"><div id=\"mpc_textblock-4869d81ce3d25ab\" class=\"mpc-textblock mpc-init \"><p>Third party kontroller reaktif \u00fcreticilerinden ba\u011f\u0131ms\u0131z, hedef de\u011ferlerin\u00a0 ve aral\u0131klar\u0131n reaktif \u00fcretici firmalar taraf\u0131ndan \u201c<u><b>belirlenmedi\u011fi<\/b><\/u>\u201e kontrollerdir. Third party kontrollerde; ba\u011f\u0131ms\u0131z laboratuvarlar kontrol materyalini analiz ederek ve kontrol \u00fcreticisine, <b>consensus<\/b> <b>mean<\/b> de\u011ferlerini sa\u011flar.<\/p>\n<\/div><\/div><\/div><\/li><li class=\"mpc-accordion__item \"><div class=\"mpc-accordion-item__heading mpc-transition\"><div data-id=\"mpc_icon-8669d81ce3d2495\" class=\"mpc-icon mpc-init mpc-transition mpc-effect-none mpc-icon-hover \"><div class=\"mpc-icon-wrap\"><i class=\"mpc-icon-part mpc-regular mpc-transition  fa fa-check\"><\/i><i class=\"mpc-icon-part mpc-hover mpc-transition  fa fa-check-square\"><\/i><\/div><\/div><h3>SORU 2<\/h3><\/div><div class=\"mpc-accordion-item__content mpc-container\" ><div class=\"mpc-accordion-item__indent\"><div data-id=\"mpc_icon-8669d81ce3d2495\" class=\"mpc-icon mpc-init mpc-transition mpc-effect-none mpc-icon-hover \"><div class=\"mpc-icon-wrap\"><i class=\"mpc-icon-part mpc-regular mpc-transition  fa fa-check\"><\/i><i class=\"mpc-icon-part mpc-hover mpc-transition  fa fa-check-square\"><\/i><\/div><\/div><\/div><div class=\"mpc-accordion-item__wrapper\"><div id=\"mpc_textblock-9269d81ce3d2641\" class=\"mpc-textblock mpc-init \"><p>Pellentesque habitant morbi tristique senectus et netus et malesuada fames ac turpis egestas. Vestibulum tortor quam, feugiat vitae, ultricies , tempor sit amet, ante. Donec eu libero sit amet quam egestas semper. Pellentesque habitant morbi tristique senectus et netus et malesuada fames ac turpis egestas. Vestibulum tortor quam, feugiat vitae, ultricies , tempor sit amet, ante. Donec eu libero sit amet quam egestas semper.<\/p>\n<\/div><\/div><\/div><\/li><li class=\"mpc-accordion__item \"><div class=\"mpc-accordion-item__heading mpc-transition\"><div data-id=\"mpc_icon-8669d81ce3d2495\" class=\"mpc-icon mpc-init mpc-transition mpc-effect-none mpc-icon-hover \"><div class=\"mpc-icon-wrap\"><i class=\"mpc-icon-part mpc-regular mpc-transition  fa fa-check\"><\/i><i class=\"mpc-icon-part mpc-hover mpc-transition  fa fa-check-square\"><\/i><\/div><\/div><h3>SORU 3<\/h3><\/div><div class=\"mpc-accordion-item__content mpc-container\" ><div class=\"mpc-accordion-item__indent\"><div data-id=\"mpc_icon-8669d81ce3d2495\" class=\"mpc-icon mpc-init mpc-transition mpc-effect-none mpc-icon-hover \"><div class=\"mpc-icon-wrap\"><i class=\"mpc-icon-part mpc-regular mpc-transition  fa fa-check\"><\/i><i class=\"mpc-icon-part mpc-hover mpc-transition  fa fa-check-square\"><\/i><\/div><\/div><\/div><div class=\"mpc-accordion-item__wrapper\"><div id=\"mpc_textblock-4269d81ce3d26be\" class=\"mpc-textblock mpc-init \"><p>Pellentesque habitant morbi tristique senectus et netus et malesuada fames ac turpis egestas. Vestibulum tortor quam, feugiat vitae, ultricies , tempor sit amet, ante. Donec eu libero sit amet quam egestas semper. Pellentesque habitant morbi tristique senectus et netus et malesuada fames ac turpis egestas. Vestibulum tortor quam, feugiat vitae, ultricies , tempor sit amet, ante. Donec eu libero sit amet quam egestas semper.<\/p>\n<\/div><\/div><\/div><\/li><\/ul><\/div><div id=\"mpc_accordion-5469d81ce3d2755\" class=\"mpc-accordion mpc-init mpc-transition mpc-accordion--indent mpc-accordion--indent \" ><ul class=\"mpc-accordion__content\"><li class=\"mpc-accordion__item \"><div class=\"mpc-accordion-item__heading mpc-transition mpc-active\"><div data-id=\"mpc_icon-5469d81ce3d273a\" class=\"mpc-icon mpc-init mpc-transition mpc-effect-none mpc-icon-hover \"><div class=\"mpc-icon-wrap\"><i class=\"mpc-icon-part mpc-regular mpc-transition  fa fa-check\"><\/i><i class=\"mpc-icon-part mpc-hover mpc-transition  fa fa-check-square\"><\/i><\/div><\/div><h3>SORU 1<\/h3><\/div><div class=\"mpc-accordion-item__content mpc-container\"  data-active=\"true\"><div class=\"mpc-accordion-item__indent\"><div data-id=\"mpc_icon-5469d81ce3d273a\" class=\"mpc-icon mpc-init mpc-transition mpc-effect-none mpc-icon-hover \"><div class=\"mpc-icon-wrap\"><i class=\"mpc-icon-part mpc-regular mpc-transition  fa fa-check\"><\/i><i class=\"mpc-icon-part mpc-hover mpc-transition  fa fa-check-square\"><\/i><\/div><\/div><\/div><div class=\"mpc-accordion-item__wrapper\"><div id=\"mpc_textblock-9569d81ce3d27bb\" class=\"mpc-textblock mpc-init \"><p>Pellentesque habitant morbi tristique senectus et netus et malesuada fames ac turpis egestas. Vestibulum tortor quam, feugiat vitae, ultricies , tempor sit amet, ante. Donec eu libero sit amet quam egestas semper. Pellentesque habitant morbi tristique senectus et netus et malesuada fames ac turpis egestas. Vestibulum tortor quam, feugiat vitae, ultricies , tempor sit amet, ante. Donec eu libero sit amet quam egestas semper.<\/p>\n<\/div><\/div><\/div><\/li><li class=\"mpc-accordion__item \"><div class=\"mpc-accordion-item__heading mpc-transition\"><div data-id=\"mpc_icon-5469d81ce3d273a\" class=\"mpc-icon mpc-init mpc-transition mpc-effect-none mpc-icon-hover \"><div class=\"mpc-icon-wrap\"><i class=\"mpc-icon-part mpc-regular mpc-transition  fa fa-check\"><\/i><i class=\"mpc-icon-part mpc-hover mpc-transition  fa fa-check-square\"><\/i><\/div><\/div><h3>SORU 2<\/h3><\/div><div class=\"mpc-accordion-item__content mpc-container\" ><div class=\"mpc-accordion-item__indent\"><div data-id=\"mpc_icon-5469d81ce3d273a\" class=\"mpc-icon mpc-init mpc-transition mpc-effect-none mpc-icon-hover \"><div class=\"mpc-icon-wrap\"><i class=\"mpc-icon-part mpc-regular mpc-transition  fa fa-check\"><\/i><i class=\"mpc-icon-part mpc-hover mpc-transition  fa fa-check-square\"><\/i><\/div><\/div><\/div><div class=\"mpc-accordion-item__wrapper\"><div id=\"mpc_textblock-5269d81ce3d2836\" class=\"mpc-textblock mpc-init \"><p>Pellentesque habitant morbi tristique senectus et netus et malesuada fames ac turpis egestas. Vestibulum tortor quam, feugiat vitae, ultricies , tempor sit amet, ante. Donec eu libero sit amet quam egestas semper. Pellentesque habitant morbi tristique senectus et netus et malesuada fames ac turpis egestas. Vestibulum tortor quam, feugiat vitae, ultricies , tempor sit amet, ante. Donec eu libero sit amet quam egestas semper.<\/p>\n<\/div><\/div><\/div><\/li><li class=\"mpc-accordion__item \"><div class=\"mpc-accordion-item__heading mpc-transition\"><div data-id=\"mpc_icon-5469d81ce3d273a\" class=\"mpc-icon mpc-init mpc-transition mpc-effect-none mpc-icon-hover \"><div class=\"mpc-icon-wrap\"><i class=\"mpc-icon-part mpc-regular mpc-transition  fa fa-check\"><\/i><i class=\"mpc-icon-part mpc-hover mpc-transition  fa fa-check-square\"><\/i><\/div><\/div><h3>SORU 3<\/h3><\/div><div class=\"mpc-accordion-item__content mpc-container\" ><div class=\"mpc-accordion-item__indent\"><div data-id=\"mpc_icon-5469d81ce3d273a\" class=\"mpc-icon mpc-init mpc-transition mpc-effect-none mpc-icon-hover \"><div class=\"mpc-icon-wrap\"><i class=\"mpc-icon-part mpc-regular mpc-transition  fa fa-check\"><\/i><i class=\"mpc-icon-part mpc-hover mpc-transition  fa fa-check-square\"><\/i><\/div><\/div><\/div><div class=\"mpc-accordion-item__wrapper\"><div id=\"mpc_textblock-8569d81ce3d2895\" class=\"mpc-textblock mpc-init \"><p>Pellentesque habitant morbi tristique senectus et netus et malesuada fames ac turpis egestas. Vestibulum tortor quam, feugiat vitae, ultricies , tempor sit amet, ante. Donec eu libero sit amet quam egestas semper. Pellentesque habitant morbi tristique senectus et netus et malesuada fames ac turpis egestas. Vestibulum tortor quam, feugiat vitae, ultricies , tempor sit amet, ante. Donec eu libero sit amet quam egestas semper.<\/p>\n<\/div><\/div><\/div><\/li><\/ul><\/div><div id=\"mpc_accordion-6069d81ce3d2911\" class=\"mpc-accordion mpc-init mpc-transition mpc-accordion--indent mpc-accordion--indent \" ><ul class=\"mpc-accordion__content\"><li class=\"mpc-accordion__item \"><div class=\"mpc-accordion-item__heading mpc-transition mpc-active\"><div data-id=\"mpc_icon-1569d81ce3d28fb\" class=\"mpc-icon mpc-init mpc-transition mpc-effect-none mpc-icon-hover \"><div class=\"mpc-icon-wrap\"><i class=\"mpc-icon-part mpc-regular mpc-transition  fa fa-check\"><\/i><i class=\"mpc-icon-part mpc-hover mpc-transition  fa fa-check-square\"><\/i><\/div><\/div><h3>SORU 1<\/h3><\/div><div class=\"mpc-accordion-item__content mpc-container\"  data-active=\"true\"><div class=\"mpc-accordion-item__indent\"><div data-id=\"mpc_icon-1569d81ce3d28fb\" class=\"mpc-icon mpc-init mpc-transition mpc-effect-none mpc-icon-hover \"><div class=\"mpc-icon-wrap\"><i class=\"mpc-icon-part mpc-regular mpc-transition  fa fa-check\"><\/i><i class=\"mpc-icon-part mpc-hover mpc-transition  fa fa-check-square\"><\/i><\/div><\/div><\/div><div class=\"mpc-accordion-item__wrapper\"><div id=\"mpc_textblock-7669d81ce3d2966\" class=\"mpc-textblock mpc-init \"><p>Pellentesque habitant morbi tristique senectus et netus et malesuada fames ac turpis egestas. Vestibulum tortor quam, feugiat vitae, ultricies , tempor sit amet, ante. Donec eu libero sit amet quam egestas semper. Pellentesque habitant morbi tristique senectus et netus et malesuada fames ac turpis egestas. Vestibulum tortor quam, feugiat vitae, ultricies , tempor sit amet, ante. Donec eu libero sit amet quam egestas semper.<\/p>\n<\/div><\/div><\/div><\/li><li class=\"mpc-accordion__item \"><div class=\"mpc-accordion-item__heading mpc-transition\"><div data-id=\"mpc_icon-1569d81ce3d28fb\" class=\"mpc-icon mpc-init mpc-transition mpc-effect-none mpc-icon-hover \"><div class=\"mpc-icon-wrap\"><i class=\"mpc-icon-part mpc-regular mpc-transition  fa fa-check\"><\/i><i class=\"mpc-icon-part mpc-hover mpc-transition  fa fa-check-square\"><\/i><\/div><\/div><h3>SORU 2<\/h3><\/div><div class=\"mpc-accordion-item__content mpc-container\" ><div class=\"mpc-accordion-item__indent\"><div data-id=\"mpc_icon-1569d81ce3d28fb\" class=\"mpc-icon mpc-init mpc-transition mpc-effect-none mpc-icon-hover \"><div class=\"mpc-icon-wrap\"><i class=\"mpc-icon-part mpc-regular mpc-transition  fa fa-check\"><\/i><i class=\"mpc-icon-part mpc-hover mpc-transition  fa fa-check-square\"><\/i><\/div><\/div><\/div><div class=\"mpc-accordion-item__wrapper\"><div id=\"mpc_textblock-9569d81ce3d29c1\" class=\"mpc-textblock mpc-init \"><p>Pellentesque habitant morbi tristique senectus et netus et malesuada fames ac turpis egestas. Vestibulum tortor quam, feugiat vitae, ultricies , tempor sit amet, ante. Donec eu libero sit amet quam egestas semper. Pellentesque habitant morbi tristique senectus et netus et malesuada fames ac turpis egestas. Vestibulum tortor quam, feugiat vitae, ultricies , tempor sit amet, ante. Donec eu libero sit amet quam egestas semper.<\/p>\n<\/div><\/div><\/div><\/li><li class=\"mpc-accordion__item \"><div class=\"mpc-accordion-item__heading mpc-transition\"><div data-id=\"mpc_icon-1569d81ce3d28fb\" class=\"mpc-icon mpc-init mpc-transition mpc-effect-none mpc-icon-hover \"><div class=\"mpc-icon-wrap\"><i class=\"mpc-icon-part mpc-regular mpc-transition  fa fa-check\"><\/i><i class=\"mpc-icon-part mpc-hover mpc-transition  fa fa-check-square\"><\/i><\/div><\/div><h3>SORU 3<\/h3><\/div><div class=\"mpc-accordion-item__content mpc-container\" ><div class=\"mpc-accordion-item__indent\"><div data-id=\"mpc_icon-1569d81ce3d28fb\" class=\"mpc-icon mpc-init mpc-transition mpc-effect-none mpc-icon-hover \"><div class=\"mpc-icon-wrap\"><i class=\"mpc-icon-part mpc-regular mpc-transition  fa fa-check\"><\/i><i class=\"mpc-icon-part mpc-hover mpc-transition  fa fa-check-square\"><\/i><\/div><\/div><\/div><div class=\"mpc-accordion-item__wrapper\"><div id=\"mpc_textblock-2569d81ce3d2a19\" class=\"mpc-textblock mpc-init \"><p>Pellentesque habitant morbi tristique senectus et netus et malesuada fames ac turpis egestas. Vestibulum tortor quam, feugiat vitae, ultricies , tempor sit amet, ante. Donec eu libero sit amet quam egestas semper. Pellentesque habitant morbi tristique senectus et netus et malesuada fames ac turpis egestas. Vestibulum tortor quam, feugiat vitae, ultricies , tempor sit amet, ante. Donec eu libero sit amet quam egestas semper.<\/p>\n<\/div><\/div><\/div><\/li><\/ul><\/div>[\/vc_column][\/vc_row]<\/p>\n","protected":false},"excerpt":{"rendered":"<p>[vc_row][vc_column][\/vc_column][\/vc_row]<\/p>\n","protected":false},"author":1,"featured_media":5742,"parent":0,"menu_order":0,"comment_status":"closed","ping_status":"closed","template":"","meta":{"footnotes":""},"class_list":["post-5796","page","type-page","status-publish","has-post-thumbnail","hentry"],"_links":{"self":[{"href":"https:\/\/karcamedikal.com\/old\/wp-json\/wp\/v2\/pages\/5796","targetHints":{"allow":["GET"]}}],"collection":[{"href":"https:\/\/karcamedikal.com\/old\/wp-json\/wp\/v2\/pages"}],"about":[{"href":"https:\/\/karcamedikal.com\/old\/wp-json\/wp\/v2\/types\/page"}],"author":[{"embeddable":true,"href":"https:\/\/karcamedikal.com\/old\/wp-json\/wp\/v2\/users\/1"}],"replies":[{"embeddable":true,"href":"https:\/\/karcamedikal.com\/old\/wp-json\/wp\/v2\/comments?post=5796"}],"version-history":[{"count":12,"href":"https:\/\/karcamedikal.com\/old\/wp-json\/wp\/v2\/pages\/5796\/revisions"}],"predecessor-version":[{"id":11594,"href":"https:\/\/karcamedikal.com\/old\/wp-json\/wp\/v2\/pages\/5796\/revisions\/11594"}],"wp:featuredmedia":[{"embeddable":true,"href":"https:\/\/karcamedikal.com\/old\/wp-json\/wp\/v2\/media\/5742"}],"wp:attachment":[{"href":"https:\/\/karcamedikal.com\/old\/wp-json\/wp\/v2\/media?parent=5796"}],"curies":[{"name":"wp","href":"https:\/\/api.w.org\/{rel}","templated":true}]}}