{"id":5758,"date":"2022-09-01T12:54:38","date_gmt":"2022-09-01T09:54:38","guid":{"rendered":"https:\/\/karcamedikal.com\/old\/?page_id=5758"},"modified":"2022-11-27T22:52:05","modified_gmt":"2022-11-27T19:52:05","slug":"kurumsal","status":"publish","type":"page","link":"https:\/\/karcamedikal.com\/old\/kurumsal\/","title":{"rendered":"Kurumsal"},"content":{"rendered":"<p>[vc_row css=&#8221;.vc_custom_1489386478996{margin-top: 100px !important;margin-bottom: 100px !important;}&#8221;][vc_column width=&#8221;1\/3&#8243;]<div data-id=\"mpc_image-6269ee149d5897e\" onclick=\"\" class=\"mpc-image mpc-init mpc-fullwidth  mpc-overlay--slide-right\"  data-align=\"middle-center\"><div class=\"mpc-item mpc-transition\"><img loading=\"lazy\" decoding=\"async\" width=\"571\" height=\"680\" src=\"https:\/\/karcamedikal.com\/old\/wp-content\/uploads\/2022\/09\/about-1.png\" class=\"mpc-transition attachment-full\" alt=\"\" title=\"about-1\" srcset=\"https:\/\/karcamedikal.com\/old\/wp-content\/uploads\/2022\/09\/about-1.png 571w, https:\/\/karcamedikal.com\/old\/wp-content\/uploads\/2022\/09\/about-1-252x300.png 252w, https:\/\/karcamedikal.com\/old\/wp-content\/uploads\/2022\/09\/about-1-1x1.png 1w, https:\/\/karcamedikal.com\/old\/wp-content\/uploads\/2022\/09\/about-1-8x10.png 8w\" sizes=\"auto, (max-width: 571px) 100vw, 571px\" \/><div class=\"mpc-item-overlay mpc-transition\"><div class=\"mpc-overlay--vertical-wrap\"><div class=\"mpc-overlay--vertical\"><a href=\"https:\/\/karcamedikal.com\/old\/wp-content\/uploads\/2022\/09\/about-1.png\" rel=\"mpc\" class=\"mpc-icon-anchor mpc-magnific-popup\"><i class=\"mpc-item-overlay__icon mpc-type--lightbox mpc-icon--icon etl etl-magnifying-glass\"><\/i><\/a><\/div><\/div><\/div><\/div><\/div>[\/vc_column][vc_column width=&#8221;2\/3&#8243;][vc_column_text]<\/p>\n<div class=\"vc_row wpb_row vc_inner vc_row-fluid\">\n<div class=\"wpb_column vc_column_container vc_col-sm-12\">\n<div class=\"vc_column-inner\">\n<div class=\"wpb_wrapper\">\n<div class=\"wpb_text_column wpb_content_element \">\n<div class=\"wpb_wrapper\">\n<p><strong>KARCA MED\u0130KAL\u00a0<\/strong><\/p>\n<p>Firmam\u0131z\u00a02010 y\u0131l\u0131ndan beri Ankara merkezli olarak faaliyet g\u00f6stermektedir.<\/p>\n<p>Firmam\u0131z;<\/p>\n<ul>\n<li>D\u0131\u015f Kalite De\u011ferlendirme \/ Yeterlilik Testi Hizmetleri<\/li>\n<li>\u0130\u00e7 Kalite Kontrol Materyalleri,<\/li>\n<li>Kalibrasyon &amp; Verifikasyon \u2013 Lineerite Materyalleri<\/li>\n<li>Sertifikal\u0131 Referans Materyaller (CRM)<\/li>\n<li>Standart Su\u015flar<\/li>\n<\/ul>\n<p>ve benzeri materyaller ile <strong>KAL\u0130TE <\/strong>\u00e7al\u0131\u015fmalar\u0131nda \u00e7\u00f6z\u00fcm sunmaktad\u0131r.<\/p>\n<p><strong>Ayr\u0131ca;<\/strong> \u0130mm\u00fcnoassay testlerde kar\u015f\u0131la\u015f\u0131lan interferans\u0131 \u00f6nlemek i\u00e7in kullan\u0131lan <strong>Heterofilik<\/strong> (HBT) &amp; <strong>Non-Spesifik Antikor<\/strong> (NABT) Bloke Ediciler konusunda da materyal sa\u011flamaktad\u0131r.<\/p>\n<p><strong>Klinik<\/strong> \u201c<strong>V\u00fccut D\u0131\u015f\u0131 Tan\u0131<\/strong>\u201d (<strong>IVD<\/strong>)<\/p>\n<ul>\n<li>Biyokimya Laboratuvar\u0131<\/li>\n<li>Mikrobiyoloji (\u0130mm\u00fcnoloji \u2013 Viroloji \u2013 Parazitoloji v.b.) Laboratuvarlar\u0131<\/li>\n<li>Hematoloji Laboratuvar\u0131<\/li>\n<li>Doku Tipleme Laboratuvar\u0131<\/li>\n<li>Halk Sa\u011fl\u0131\u011f\u0131 (Hemoglobinopati \u2013 Talasemi \u2013 Yeni Do\u011fan Tarama) Laboratuvarlar\u0131<\/li>\n<li>Patoloji Laboratuvar\u0131<\/li>\n<li>Genetik Tan\u0131 Merkezleri<\/li>\n<\/ul>\n<p><strong>Klinik D\u0131\u015f\u0131<\/strong><\/p>\n<ul>\n<li>\u00c7evre-G\u0131da-Su &amp; End\u00fcstriyel Analiz Laboratuvarlar\u0131 gibi bir\u00e7ok laboratuvar alan\u0131nda hizmet sunmaktad\u0131r.<\/li>\n<\/ul>\n<p><strong>Misyonumuz<\/strong><\/p>\n<p>Hasta sa\u011fl\u0131\u011f\u0131n\u0131n iyile\u015ftirilmesi, Halk ve Toplum sa\u011fl\u0131\u011f\u0131 kurulu\u015flar\u0131nda <strong>laboratuvar-analiz<\/strong> sonu\u00e7 g\u00fcvenilirli\u011fine katk\u0131 sa\u011flayacak uluslararas\u0131 kabul g\u00f6rm\u00fc\u015f \u201c<strong>Kalite Kontrol\u00a0Materyalleri\u201d<\/strong>\u00a0ile birlikte benzersiz hizmet sunarak, <strong>hasta-sonu\u00e7<\/strong> g\u00fcvenli\u011fi temelinde \u201c<strong>Ya\u015fad\u0131\u011f\u0131m\u0131z Toplum Sa\u011fl\u0131\u011f\u0131na\u201d<\/strong> de\u011fer katmak.<\/p>\n<p><strong>Vizyonumuz<\/strong><\/p>\n<p>T\u00fcm s\u00fcre\u00e7lerde, <strong>Hasta ve Toplum Sa\u011fl\u0131\u011f\u0131n\u0131n<\/strong> iyile\u015ftirilmesi ve korunmas\u0131na katk\u0131 sa\u011flayan kurum ve kurulu\u015flar\u0131n beklentilerini tam olarak kar\u015f\u0131layan bir anlay\u0131\u015f i\u00e7inde g\u00fcvenilir ve birincil aranan firma olarak, verece\u011fimiz her hizmette d\u00fcr\u00fcstl\u00fc\u011fe olan ba\u011fl\u0131l\u0131\u011f\u0131m\u0131z ile bilimsel ve yenilik\u00e7i \u00e7\u00f6z\u00fcmler \u00fcretmek.<\/p>\n<\/div>\n<p>&nbsp;<\/p>\n<p><strong>De\u011ferlerimiz<\/strong><\/p>\n<\/div>\n<\/div>\n<\/div>\n<\/div>\n<\/div>\n<p>[\/vc_column_text][vc_single_image image=&#8221;11381&#8243; img_size=&#8221;full&#8221;][\/vc_column][\/vc_row]<\/p>\n","protected":false},"excerpt":{"rendered":"<p>[vc_row css=&#8221;.vc_custom_1489386478996{margin-top: 100px !important;margin-bottom: 100px !important;}&#8221;][vc_column width=&#8221;1\/3&#8243;][\/vc_column][vc_column width=&#8221;2\/3&#8243;][vc_column_text] KARCA MED\u0130KAL\u00a0 Firmam\u0131z\u00a02010 y\u0131l\u0131ndan beri Ankara merkezli olarak faaliyet g\u00f6stermektedir. Firmam\u0131z; D\u0131\u015f Kalite De\u011ferlendirme \/ Yeterlilik Testi&#8230;<\/p>\n","protected":false},"author":1,"featured_media":5742,"parent":0,"menu_order":0,"comment_status":"closed","ping_status":"closed","template":"","meta":{"footnotes":""},"class_list":["post-5758","page","type-page","status-publish","has-post-thumbnail","hentry"],"_links":{"self":[{"href":"https:\/\/karcamedikal.com\/old\/wp-json\/wp\/v2\/pages\/5758","targetHints":{"allow":["GET"]}}],"collection":[{"href":"https:\/\/karcamedikal.com\/old\/wp-json\/wp\/v2\/pages"}],"about":[{"href":"https:\/\/karcamedikal.com\/old\/wp-json\/wp\/v2\/types\/page"}],"author":[{"embeddable":true,"href":"https:\/\/karcamedikal.com\/old\/wp-json\/wp\/v2\/users\/1"}],"replies":[{"embeddable":true,"href":"https:\/\/karcamedikal.com\/old\/wp-json\/wp\/v2\/comments?post=5758"}],"version-history":[{"count":11,"href":"https:\/\/karcamedikal.com\/old\/wp-json\/wp\/v2\/pages\/5758\/revisions"}],"predecessor-version":[{"id":11385,"href":"https:\/\/karcamedikal.com\/old\/wp-json\/wp\/v2\/pages\/5758\/revisions\/11385"}],"wp:featuredmedia":[{"embeddable":true,"href":"https:\/\/karcamedikal.com\/old\/wp-json\/wp\/v2\/media\/5742"}],"wp:attachment":[{"href":"https:\/\/karcamedikal.com\/old\/wp-json\/wp\/v2\/media?parent=5758"}],"curies":[{"name":"wp","href":"https:\/\/api.w.org\/{rel}","templated":true}]}}