{"id":4349,"date":"2017-03-09T09:30:48","date_gmt":"2017-03-09T09:30:48","guid":{"rendered":"https:\/\/xstore.8theme.com\/demos\/medical\/?page_id=4349"},"modified":"2022-12-13T21:39:34","modified_gmt":"2022-12-13T18:39:34","slug":"medikal-hizmetleri","status":"publish","type":"page","link":"https:\/\/karcamedikal.com\/old\/medikal-hizmetleri\/","title":{"rendered":"Hizmetlerimiz"},"content":{"rendered":"<p>[vc_row css=&#8221;.vc_custom_1489386478996{margin-top: 100px !important;margin-bottom: 100px !important;}&#8221;][vc_column width=&#8221;2\/3&#8243;]<div id=\"mpc_textblock-7269d81ccf18cec\" class=\"mpc-textblock mpc-init \"><p><strong>D\u0131\u015f Kalite De\u011ferlendirme \u2013 Yeterlilik Testi Hizmeti \u00dcyelik\u00a0S\u00fcre\u00e7 Takibi<\/strong><\/p>\n<p>Sizden gelen \u00fcyelik talebi sonras\u0131nda D\u0131\u015f Kalite De\u011ferlendirme \u2013 Yeterlilik Testi hizmetleri a\u015fa\u011f\u0131da belirtildi\u011fi gibi takip edilmektedir:<\/p>\n<ul>\n<li>Sizlerden gelen \u00fcyelik talebinde belirtilen kurum ve sorumlu ki\u015filer ile irtibata ge\u00e7ilerek \u00fcyelik kay\u0131t formlar\u0131 taraf\u0131m\u0131zdan doldur ve kay\u0131tlar\u0131n tamamlanmas\u0131 taraf\u0131m\u0131zdan takip\u00a0edilir.<\/li>\n<\/ul>\n<p>\u0130lgili \u00fcyelik kay\u0131tlar\u0131n tamamlanmas\u0131 sonras\u0131nda \u015fifre parola bilgileri taraf\u0131m\u0131zca, ki\u015filerden ba\u011f\u0131ms\u0131z kurumlar\u0131n ad\u0131na olu\u015fturulmu\u015f e-posta adreslerine g\u00f6nderilmektedir. \u015eifre-parola bilgilerine ula\u015famayan kurumlar i\u00e7in, \u201cgizlilik ko\u015fullar\u0131na optimum derecede dikkat edilerek\u201d bu bilgiler ilgili sorumlu ki\u015filere tekrar taraf\u0131m\u0131zca iletilir.<\/p>\n<ul>\n<li>Malzeme transferleri taraf\u0131m\u0131zdan, ilgili kurum ve ki\u015fi ad\u0131na\u00a0kargo ile g\u00f6nderilir. Kullan\u0131lacak olan kargoya, co\u011frafik nedenlerden dolay\u0131 teslim s\u00fcreleri g\u00f6z \u00f6n\u00fcnde bulundurularak karar verilir.<\/li>\n<li>Yap\u0131lan g\u00f6nderinin teslimat takibi, ilgili kargo web sitesi \u00fczerinden teslim s\u00fcreleri g\u00f6z \u00f6n\u00fcnde bulundurularak takip edilir. Kargo firmas\u0131 taraf\u0131ndan belirttilen s\u00fcre i\u00e7erisinde\u00a0 teslim edilmeyen kargolar, taraf\u0131m\u0131zdan \u00f6zel takibe al\u0131narak, h\u0131zl\u0131 bir \u015fekilde kullan\u0131c\u0131ya ula\u015fmas\u0131 sa\u011flan\u0131r, gerek duyuldu\u011funda kargo teslim tutana\u011f\u0131 taraf\u0131m\u0131zdan ilgili ki\u015filer ile payla\u015f\u0131l\u0131r.<\/li>\n<li>\u0130lk kat\u0131l\u0131mc\u0131lar i\u00e7in, web-portal \u00fczerinden, analiz edilen materyallerin sonu\u00e7 giri\u015finin yap\u0131lmas\u0131, raporlar\u0131n g\u00f6r\u00fcnt\u00fclenmesi, raporlar\u0131n yorumlanmas\u0131 vb.. konularda teknik destek taraf\u0131m\u0131zdan sa\u011flan\u0131r.<\/li>\n<li>Kullan\u0131c\u0131lar\u0131n ihtiya\u00e7 duydu\u011fu teknik konularda, teknik destek ekibimiz taraf\u0131ndan \u00fcyelikler ilgili bilgi g\u00fcncellemeler (\u00fccret fark\u0131 yaratmayacak test eklemeleri, var olan test kayd\u0131n\u0131n silinmesi veya metot de\u011fi\u015fikliklerinin yap\u0131lmas\u0131, uygun metodun se\u00e7ilmesi, \u00e7oklu cihaz raporlar\u0131 i\u00e7in cihaz isimlerinin g\u00fcncellenmesi) ve raporlar\u0131n g\u00f6r\u00fcnt\u00fclenmesi konular\u0131nda teknik destek sa\u011flan\u0131r. Ayr\u0131ca raporlar\u0131n yorumlanmas\u0131 konusunda gerekli bilgi ve destek yine taraf\u0131m\u0131zdan sa\u011flan\u0131r. Rapor yorumlamas\u0131 haricinde problem \u00e7\u00f6z\u00fcm\u00fc ile ilgili bilgi payla\u015f\u0131m\u0131 etik kurallar \u00e7er\u00e7evesinde yap\u0131l\u0131r ve gerekli durumlarda kullan\u0131c\u0131lar ilgili reaktif sa\u011flayan firmaya y\u00f6nlendirilir.<\/li>\n<li>\u00d6zel durumlarda \u00e7al\u0131\u015f\u0131lacak DKD materyalinin kaybedilmesi, k\u0131r\u0131lmas\u0131 vb.. durumlarda, sto\u011fumuzda yedek (spare) materyal varsa, ilgili kullan\u0131c\u0131ya ek \u00fccret kar\u015f\u0131l\u0131\u011f\u0131nda g\u00f6nderilir. Nadir durumlarda ve di\u011fer kullan\u0131c\u0131lardan, optimum saklama\/transfer ko\u015fullar\u0131 sa\u011flanmas\u0131 ko\u015fulu ile materyal transfer edilebilir.<\/li>\n<li>Kullan\u0131c\u0131lar\u0131n kontrol materyallerini zaman\u0131nda \u00e7al\u0131\u015f\u0131p \u00e7al\u0131\u015fmamalar\u0131 kendi inisiyatifinde oldu\u011fu i\u00e7in, \u00e7al\u0131\u015fma yap\u0131p yapmad\u0131klar\u0131 taraf\u0131m\u0131zdan takip edilmemekle birlikte, \u00e7al\u0131\u015fmalar\u0131 konusunda hat\u0131rlat\u0131c\u0131 bilgilendirme yap\u0131lmaktad\u0131r. Ayr\u0131ca son sonu\u00e7 giri\u015f tarih hat\u0131rlatmalar\u0131 i\u00e7in Karca Mobil uygulamas\u0131 kullan\u0131labilinir.<\/li>\n<li>Kamu ihalelerinde kurumlar taraf\u0131ndan talep edilen\u00a0<strong>\u201c\u0130hale \u00d6ncesi \u00dcyelik Teyit Yaz\u0131s\u0131\u201d <\/strong>taraf\u0131m\u0131zdan sa\u011flan\u0131r,<\/li>\n<li>Devam eden\/yeni \u00fcyeliklerde kullan\u0131c\u0131lar\u0131n istemine ba\u011fl\u0131 olarak \u00fcyelik teyit yaz\u0131s\u0131 taraf\u0131m\u0131zdan haz\u0131rlan\u0131r ve ilgili kurum sorumlusu ile payla\u015f\u0131l\u0131r.<\/li>\n<li><strong>Karca Medikal <\/strong>olarak T\u00fcrkiye genelinde farkl\u0131 D\u0131\u015f Kalite De\u011ferlendirme Yeterlilik Testleri ile 5000\u2019 nin \u00fczerinde kat\u0131l\u0131mc\u0131ya ula\u015fm\u0131\u015f durumday\u0131z. Sizlere vermi\u015f oldu\u011fumuz hizmetin kalitesini art\u0131rmak ve taraf\u0131m\u0131zdan takip edilen s\u00fcre\u00e7ler ile ilgili sizleri bilgilendirmek istedik.<\/li>\n<\/ul>\n<p>Ele\u015ftirilerinizi ve memnuniyetinizi bilmek kendimizi geli\u015ftirmek ad\u0131na bizim i\u00e7in \u00f6nem arz etmektedir.<\/p>\n<p>\u0130\u015fbirli\u011finizden dolay\u0131 te\u015fekk\u00fcr ederiz.<\/p>\n<\/div>[\/vc_column][vc_column width=&#8221;1\/3&#8243;]<div data-id=\"mpc_image-269d81ccf190b2\" onclick=\"\" class=\"mpc-image mpc-init mpc-fullwidth \" ><div class=\"mpc-item mpc-transition\"><img loading=\"lazy\" decoding=\"async\" width=\"536\" height=\"1024\" src=\"https:\/\/karcamedikal.com\/old\/wp-content\/uploads\/2022\/08\/healthcare-quality-fb-536x1024.jpg\" class=\"mpc-transition attachment-large\" alt=\"\" title=\"healthcare-quality-fb\" srcset=\"https:\/\/karcamedikal.com\/old\/wp-content\/uploads\/2022\/08\/healthcare-quality-fb-536x1024.jpg 536w, https:\/\/karcamedikal.com\/old\/wp-content\/uploads\/2022\/08\/healthcare-quality-fb-157x300.jpg 157w, https:\/\/karcamedikal.com\/old\/wp-content\/uploads\/2022\/08\/healthcare-quality-fb-1x1.jpg 1w, https:\/\/karcamedikal.com\/old\/wp-content\/uploads\/2022\/08\/healthcare-quality-fb-5x10.jpg 5w, https:\/\/karcamedikal.com\/old\/wp-content\/uploads\/2022\/08\/healthcare-quality-fb-600x1146.jpg 600w, https:\/\/karcamedikal.com\/old\/wp-content\/uploads\/2022\/08\/healthcare-quality-fb.jpg 628w\" sizes=\"auto, (max-width: 536px) 100vw, 536px\" \/><\/div><\/div>[\/vc_column][\/vc_row]<\/p>\n","protected":false},"excerpt":{"rendered":"<p>[vc_row css=&#8221;.vc_custom_1489386478996{margin-top: 100px !important;margin-bottom: 100px !important;}&#8221;][vc_column width=&#8221;2\/3&#8243;][\/vc_column][vc_column width=&#8221;1\/3&#8243;][\/vc_column][\/vc_row]<\/p>\n","protected":false},"author":1,"featured_media":5742,"parent":0,"menu_order":0,"comment_status":"closed","ping_status":"closed","template":"","meta":{"footnotes":""},"class_list":["post-4349","page","type-page","status-publish","has-post-thumbnail","hentry"],"_links":{"self":[{"href":"https:\/\/karcamedikal.com\/old\/wp-json\/wp\/v2\/pages\/4349","targetHints":{"allow":["GET"]}}],"collection":[{"href":"https:\/\/karcamedikal.com\/old\/wp-json\/wp\/v2\/pages"}],"about":[{"href":"https:\/\/karcamedikal.com\/old\/wp-json\/wp\/v2\/types\/page"}],"author":[{"embeddable":true,"href":"https:\/\/karcamedikal.com\/old\/wp-json\/wp\/v2\/users\/1"}],"replies":[{"embeddable":true,"href":"https:\/\/karcamedikal.com\/old\/wp-json\/wp\/v2\/comments?post=4349"}],"version-history":[{"count":6,"href":"https:\/\/karcamedikal.com\/old\/wp-json\/wp\/v2\/pages\/4349\/revisions"}],"predecessor-version":[{"id":11658,"href":"https:\/\/karcamedikal.com\/old\/wp-json\/wp\/v2\/pages\/4349\/revisions\/11658"}],"wp:featuredmedia":[{"embeddable":true,"href":"https:\/\/karcamedikal.com\/old\/wp-json\/wp\/v2\/media\/5742"}],"wp:attachment":[{"href":"https:\/\/karcamedikal.com\/old\/wp-json\/wp\/v2\/media?parent=4349"}],"curies":[{"name":"wp","href":"https:\/\/api.w.org\/{rel}","templated":true}]}}