{"id":3,"date":"2022-08-22T14:31:36","date_gmt":"2022-08-22T11:31:36","guid":{"rendered":"https:\/\/karcamedikal.com\/old\/?page_id=3"},"modified":"2022-11-24T11:21:42","modified_gmt":"2022-11-24T08:21:42","slug":"gizlilik-politikasi","status":"publish","type":"page","link":"https:\/\/karcamedikal.com\/old\/gizlilik-politikasi\/","title":{"rendered":"Gizlilik Politikas\u0131"},"content":{"rendered":"\n<h2 class=\"wp-block-heading\" style=\"text-transform:capitalize\">Kullan\u0131m Ko\u015fullar\u0131<\/h2>\n\n\n\n<p class=\"has-text-align-left\">Burada bahsi ge\u00e7en gizlilik politikas\u0131 ve kullan\u0131m ko\u015fullar\u0131 Karca Medikal\u2019in (bundan sonra \u201cbiz\u201d ve \u201cbizim\u201d olarak an\u0131lacakt\u0131r) web sayfam\u0131z\u0131 (www.karcamedikal.com) ziyaret etti\u011finizde veya Google Play Store ve IOS App Store&#8217;da yay\u0131nlanan b\u00fct\u00fcn mobil uygulamalar\u0131m\u0131z\u0131 y\u00fckledi\u011finizde, ki\u015fisel bilgilerinizi toplay\u0131p kullan\u0131lmas\u0131yla ilgili a\u00e7\u0131klamalar i\u00e7erir. \u0130\u015f eti\u011fi olarak ileti\u015fim halinde oldu\u011fumuz her bir bireyin ki\u015fisel bilgilerinin mahremiyetini ve korunmas\u0131n\u0131 taahh\u00fct ediyoruz. Ki\u015fisel verilerinizi i\u015flerken gizlilik ve veri koruma yasalar\u0131 \u00e7er\u00e7evesinde hareket etti\u011fimizi beyan ediyoruz. <\/p>\n\n\n\n<p>Ayr\u0131ca uygulamalar\u0131 mobil cihaz\u0131n\u0131za y\u00fckleyerek bu metinde yer alan gizlilik politikas\u0131n\u0131 ve kullan\u0131m ko\u015fullar\u0131n\u0131 kabul etmi\u015f say\u0131l\u0131rs\u0131n\u0131z. Bu ko\u015fullar\u0131 kabul etmiyorsan\u0131z bu uygulamalar\u0131 mobil cihaz\u0131n\u0131za y\u00fcklemeyiniz.<\/p>\n\n\n\n<p><\/p>\n\n\n\n<h2 class=\"wp-block-heading\" style=\"text-transform:capitalize\">Web Sitemizde Toplad\u0131\u011f\u0131m\u0131z Ki\u015fisel Bilgiler<\/h2>\n\n\n\n<p>Sitemizin ki\u015fisel g\u00fcven gerektiren herhangi bir interaktif temas\u0131n\u0131 kulland\u0131\u011f\u0131n\u0131zda, cevaplaman\u0131z i\u00e7in taraf\u0131m\u0131zdan bir soru y\u00f6neltildi\u011finde ya da uyar\u0131 sistemimize ki\u015fisel detaylar\u0131n\u0131z\u0131 girdi\u011finizde hakk\u0131n\u0131zdaki bilgiler sistemimiz taraf\u0131ndan depolan\u0131r. Bu bilgiler bizden hizmet almak istedi\u011finiz konu ile alakal\u0131 olarak almak istedi\u011finiz hizmetin verilmesini sa\u011flayacak niteliktedir.<\/p>\n\n\n\n<h2 class=\"wp-block-heading\" style=\"text-transform:capitalize\">Ki\u015fisel Bilgilerinizi Nas\u0131l De\u011ferlendiriyoruz?<\/h2>\n\n\n\n<p>Hukuksal bir gereklilik olmad\u0131\u011f\u0131 m\u00fcddet\u00e7e ki\u015fisel bilgilerinizi sadece talep etti\u011finiz hizmeti sunmak i\u00e7in kullan\u0131yoruz. \u00d6rne\u011fin bilgilendirme servisine ya da bizden haberler servisine kay\u0131t oldu\u011funuzda kay\u0131t esnas\u0131nda verdi\u011finiz mail adresinizi size cevap vermek i\u00e7in kullan\u0131yoruz. Aksini a\u00e7\u0131k\u00e7a beyan etmedi\u011finiz s\u00fcrece ileti\u015fim detaylar\u0131n\u0131z asla farkl\u0131 nedenler ve gerek\u00e7elerle kullan\u0131lmamaktad\u0131r.<\/p>\n\n\n\n<h2 class=\"wp-block-heading\" style=\"text-transform:capitalize\">Ki\u015fisel Bilgilerinizi Nas\u0131l Depoluyoruz?<\/h2>\n\n\n\n<p>Ki\u015fisel bilgilerinizin g\u00fcvenli ve gizli tutulaca\u011f\u0131n\u0131, kullan\u0131m i\u00e7in gerekli olan zaman diliminden fazla saklamayaca\u011f\u0131m\u0131z\u0131 taahh\u00fct ediyoruz. Zaman zaman gurubumuzun b\u00fcnyesinden yahut \u00fc\u00e7\u00fcnc\u00fc \u015fah\u0131slardan bilgi i\u015fleme teknolojimizin y\u00f6netimiyle ilgili destek istedi\u011fimiz durumlar olabiliyor. Bu sistemlerden baz\u0131lar\u0131 deniz a\u015f\u0131r\u0131 \u00fclkelerde konumlarm\u0131\u015f olabiliyor. Bilgilerinizi bu gibi durumlarda \u00fc\u00e7\u00fcnc\u00fc \u015fah\u0131s hizmet sa\u011flay\u0131c\u0131lar\u0131na ya da deniz a\u015f\u0131r\u0131 \u00fclkelere sadece sa\u011flaml\u0131\u011f\u0131ndan ve g\u00fcvenli\u011finden, gizlilik ve veri koruma yasalar\u0131n\u0131n uyguland\u0131\u011f\u0131ndan emin oldu\u011fumuzda transfer ediyoruz.<\/p>\n\n\n\n<h2 class=\"wp-block-heading\" style=\"text-transform:capitalize\">\u00c7erezleri Nas\u0131l Da\u011f\u0131t\u0131yoruz?<\/h2>\n\n\n\n<p>\u00c7erezler web taray\u0131c\u0131n\u0131z taraf\u0131ndan bizim sayfam\u0131z\u0131n da dahil oldu\u011fu belli ba\u015fl\u0131 sitelere girdi\u011finizde depolanan k\u00fc\u00e7\u00fck veri kutucuklard\u0131r. Kullan\u0131lan \u00e7erezler genellikle sitede bulundu\u011funuz s\u00fcre boyunca deneyimlerinizi zenginle\u015ftirmek i\u00e7in, siteden \u00e7\u0131k\u0131\u015f yapt\u0131\u011f\u0131n\u0131zda depolanan t\u00fcm verilerin silindi\u011fi \u201cSession\u201d (S\u00fcre\u00e7sel) ya da tekrar eden ziyaretlerde \u201cPermanent\u201d (Kal\u0131c\u0131) \u00e7erezlerdir.<\/p>\n\n\n\n<p><strong><em>Web sitemizi kulland\u0131\u011f\u0131n\u0131zda belirtti\u011fimiz ko\u015fullar ve \u015fekillerde taray\u0131c\u0131n\u0131zda \u00e7erez depolamam\u0131za izin vermi\u015f olursunuz. E\u011fer sitemizden gelen \u00e7erezleri kabul etmiyorsan\u0131z ya da Permanent (kal\u0131c\u0131) \u00e7erezlerin gelecekte bilgisayar\u0131n\u0131zda depolanmas\u0131n\u0131 istemiyorsan\u0131z, taray\u0131c\u0131n\u0131z\u0131n ayarlar\u0131n\u0131 de\u011fi\u015ftirip \u00e7erezleri engellemeyi aktive \/ deaktive edebilirsiniz. Nas\u0131l yapabilece\u011finiz konusunda deste\u011fe ihtiyac\u0131n\u0131z varsa taray\u0131c\u0131n\u0131z\u0131n \u201cYard\u0131m\u201d b\u00f6l\u00fcm\u00fcne ba\u015fvurabilirsiniz. \u00c7erez ayarlar\u0131n\u0131 de\u011fi\u015ftirmek sitenin baz\u0131 \u00f6zelliklerini olumsuz etkileyip d\u00fczg\u00fcn \u00e7al\u0131\u015fmamas\u0131na neden olabilir.<\/em><\/strong><\/p>\n\n\n\n<p>\u00c7erezleri, ziyaret\u00e7ilerin site i\u00e7indeki kullan\u0131m analizlerini yapmak, yine kullan\u0131c\u0131ya yard\u0131mc\u0131 olacak baz\u0131 opsiyonlar\u0131 i\u015flevselle\u015ftirmek (dil tercihleri ya da bilgileri yaz\u0131c\u0131ya yollama se\u00e7ene\u011fi gibi) i\u00e7in depoluyoruz. Bu bize, kullan\u0131c\u0131lara daha iyi bir \u00e7evirim i\u00e7i hizmet vermemiz konusunda yard\u0131mc\u0131 oluyor. Bu kategorideki \u00e7erezlere \u201cFirst Party\u201d (Birincil Parti) \u00e7erezleri denir.<\/p>\n\n\n\n<p>\u201cThird Party\u201d (\u00dc\u00e7\u00fcnc\u00fc Parti) \u00e7erezler, ziyaret etti\u011finiz web sitelerini izlemek, sitemizi ziyaret etmeden \u00f6nce arama yapt\u0131\u011f\u0131n\u0131z terimleri ya da bize ula\u015ft\u0131\u011f\u0131n\u0131z siteyi takip etmek amac\u0131yla kullan\u0131labilir. Bu i\u015flem bize \u00e7evirim i\u00e7i profilimizi g\u00fc\u00e7lendirmemiz a\u00e7\u0131s\u0131ndan yard\u0131mc\u0131 oluyor.<\/p>\n\n\n\n<p>\u00c7erezleri, belirleyici ki\u015fisel \u00f6zellikleriniz hakk\u0131nda bilgi edinmek i\u00e7in kullanm\u0131yoruz.<\/p>\n\n\n\n<p>Depolad\u0131\u011f\u0131m\u0131z \u00e7erezler hakk\u0131nda daha ayr\u0131nt\u0131l\u0131 bilgiye ula\u015fmak i\u00e7in buray\u0131 t\u0131klayabilirsiniz. allaboutcookies.org. adresini ziyaret ederek \u00e7erezler hakk\u0131nda \u00e7ok daha fazlas\u0131n\u0131 \u00f6\u011frenebilirsiniz.<\/p>\n\n\n\n<h2 class=\"wp-block-heading\" style=\"text-transform:capitalize\">Web Sitesi Linklerine Kar\u015f\u0131 Sorumluluklar\u0131m\u0131z<\/h2>\n\n\n\n<p>Bu gizlilik politikas\u0131 toplad\u0131\u011f\u0131m\u0131z ki\u015fisel verilerin kendi web sitemizde kullan\u0131m\u0131yla s\u0131n\u0131rl\u0131d\u0131r. Web sayfam\u0131zda Fecebook, Twitter ve LinkedIn gibi sosyal medya ve Karca Medikal\u2019e ait di\u011fer ticari markalara ula\u015fabilece\u011finiz linkler bulunmaktad\u0131r. Bu linkleri takip etti\u011finiz takdirde burada ki gizlilik politikalar\u0131n\u0131n d\u0131\u015f\u0131nda, ba\u011fland\u0131\u011f\u0131n\u0131z sitelerin gizlilik politikalar\u0131na tabi olursunuz. Bu halde, kontrol\u00fcm\u00fcz d\u0131\u015f\u0131nda \u00fc\u00e7\u00fcnc\u00fc parti web sitelerinin sizden edinece\u011fi bilgilerden, bilgilerin niteliklerinden, kullan\u0131m\u0131 ve g\u00fcvenli\u011finden bizim hi\u00e7 bir ba\u011flay\u0131c\u0131 sorumlulu\u011fumuz olmayacakt\u0131r.<\/p>\n\n\n\n<h2 class=\"wp-block-heading\" style=\"text-transform:capitalize\">G\u00fcncellemeler<\/h2>\n\n\n\n<p>Zaman zaman burada yer alan gizlilik politikas\u0131ndan farkl\u0131 de\u011fi\u015fikliklere ve g\u00fcncellemelere gidebiliriz. Yenilikler hakk\u0131nda bilgi sahibi olmak i\u00e7in bu sayfay\u0131 ara s\u0131ra kontrol etmeniz gerekebilir.<\/p>\n\n\n\n<p>Bizden gelen haberleri engellemek ve bilgilerinizdeki de\u011fi\u015fiklikler i\u00e7in bizimle ileti\u015fime ge\u00e7ebilece\u011finiz gibi, hakk\u0131n\u0131zdaki ki\u015fisel verilerin kullan\u0131m\u0131 ile ilgili endi\u015feleriniz i\u00e7in de bizimle a\u015fa\u011f\u0131da belirtilen ileti\u015fim kanallar\u0131ndan ba\u011flant\u0131 kurabilirsiniz.<\/p>\n\n\n\n<h2 class=\"wp-block-heading\" style=\"text-transform:capitalize\">Mobil Uygulamalar\u0131m\u0131z<\/h2>\n\n\n\n<p>Google Play Store ve IOS App Store&#8217;da yay\u0131nlanan b\u00fct\u00fcn mobil uygulamalar\u0131m\u0131zda <strong>Girilen Veriler<\/strong> \u015fifreli sunucularda sadece sizlerin g\u00f6rebilece\u011fi \u015fekilde depolan\u0131r ve 3. \u015fah\u0131s ya da kurumlar ile payla\u015f\u0131lmaz.<\/p>\n\n\n\n<p><strong>Telefon Kullan\u0131m \u0130zinleri<\/strong>; Uygulamam\u0131zda bulunan k\u0131sa yol arama i\u015flemi i\u00e7in gerekli olan izinlerin taraf\u0131n\u0131zdan sa\u011flanm\u0131\u015f olmas\u0131 gerekir. Verilen bu izin sadece <strong>Uygulamada <\/strong>kay\u0131tl\u0131 olan kullan\u0131c\u0131lar\u0131m\u0131z\u0131n k\u0131sa yol aramalar\u0131nda kullan\u0131lmaktad\u0131r ve kullan\u0131c\u0131lar\u0131m\u0131za ait ki\u015fisel veriler sadece size \u00f6zel veri tabanlar\u0131nda \u015fifreli olarak saklan\u0131r.<\/p>\n\n\n\n<p><strong>\u0130nternet Kullan\u0131m \u0130zinleri<\/strong>; Uygulamam\u0131zdan <strong>Verilerin \u015eifreli<\/strong> sunuculara g\u00f6nderilebilmesi i\u00e7in gerekli olan izindir ve kullan\u0131c\u0131lar\u0131n bunu tan\u0131mlamas\u0131 gerekir. Bu izinler telefonunuzdan iste\u011finiz d\u0131\u015f\u0131nda bir bilgiyi transfer etmek i\u00e7in kullan\u0131lmaz. Verilen internet eri\u015fim izni sadece uygulama i\u00e7erisinde dolduraca\u011f\u0131n\u0131z formlara ait veri ve transferi i\u00e7in kullan\u0131lmaktad\u0131r.<\/p>\n\n\n\n<p><strong>Kamera Kullan\u0131m\u0131<\/strong>; Mobil Uygulamalar\u0131m\u0131zda kamera ile ilgili bir fonksiyon bulunmamaktad\u0131r.<\/p>\n\n\n\n<p>Mobil Uygulamalar\u0131m\u0131z, size ait herhangi bir ki\u015fisel bilgiyi toplamaz ve sizden bu y\u00f6nde bir talepte bulunmaz.<\/p>\n\n\n\n<p>Karca Medikal, kaliteli ve yararl\u0131 uygulamalar yay\u0131nlamak i\u00e7in her zaman gereken \u00f6zeni ve duyarl\u0131l\u0131\u011f\u0131 g\u00f6sterecektir. Buna ra\u011fmen, uygulamalar\u0131m\u0131zda yer alan i\u00e7eriklerin beklentilerinizi kar\u015f\u0131layaca\u011f\u0131, size yararl\u0131 olaca\u011f\u0131 veya kesin do\u011fru bilgiler i\u00e7erece\u011fine dair hi\u00e7bir taahh\u00fctte bulunmamaktay\u0131z. Uygulamalar\u0131 oldu\u011fu gibi sunmaktay\u0131z. Bu sebeple, uygulamalar\u0131m\u0131zdan kaynakl\u0131 ya\u015fanacak herhangi bir olumsuz durum i\u00e7in Karca Medikal&#8217;i sorumlu tutamayaca\u011f\u0131n\u0131z\u0131 kabul etmektesiniz.\u00a0<\/p>\n\n\n\n<p>Mobil Uygulamalar\u0131m\u0131zda, \u00fc\u00e7\u00fcnc\u00fc taraflara ait reklamlar ve linkler yer almamaktad\u0131r.<\/p>\n\n\n\n<p>Mobil Uygulamalar\u0131m\u0131zda ve Web sayfam\u0131zda yer alan sesli, yaz\u0131l\u0131 ve g\u00f6rsel \u00f6\u011felerden ve yaz\u0131l\u0131mlardan olu\u015fan b\u00fct\u00fcn i\u00e7eri\u011fe ili\u015fkin her t\u00fcrl\u00fc telif hakk\u0131 Karca Medikal\u2019e aittir. Herhangi bir uygulamam\u0131z\u0131 veya bu uygulamalar\u0131n telif haklar\u0131yla korunan i\u00e7eri\u011fini; kopyalama, \u00e7o\u011faltma, yeniden yay\u0131mlama, par\u00e7alar\u0131na ay\u0131rma, tekrar kamuya sunma vb. eylemlerde bulunmayaca\u011f\u0131n\u0131z\u0131 kabul etmektesiniz.<\/p>\n\n\n\n<p>Burada belirtilen ko\u015fullarla ilgili g\u00f6r\u00fc\u015f ve \u00f6nerilerinizi, <strong>info@karcamedikal.com<\/strong> mail adresinden bize iletebilirsiniz.<\/p>\n\n\n\n<p><strong>KARCA MED\u0130KAL S\u0130STEMLER SAN. VE T\u0130C. LTD. \u015eT\u0130<\/strong>.<\/p>\n\n\n\n<p>Naci \u00c7ak\u0131r Mah. 759. Sok. No:11\/12 06450 Dikmen I \u00c7ankaya I Ankara I T\u00dcRK\u0130YE<\/p>\n\n\n\n<p><strong>T:<\/strong> +90 312 482 1490-91 &nbsp;<strong>I<\/strong> <strong>F:<\/strong> +90 312 482 1489 <strong>I<\/strong> <strong>C:<\/strong> +90 (530) 434 2490<\/p>\n\n\n\n<p><strong>info@karcamedikal.com<\/strong><\/p>\n","protected":false},"excerpt":{"rendered":"<p>Kullan\u0131m Ko\u015fullar\u0131 Burada bahsi ge\u00e7en gizlilik politikas\u0131 ve kullan\u0131m ko\u015fullar\u0131 Karca Medikal\u2019in (bundan sonra \u201cbiz\u201d ve \u201cbizim\u201d olarak an\u0131lacakt\u0131r) web sayfam\u0131z\u0131 (www.karcamedikal.com) ziyaret etti\u011finizde veya&#8230;<\/p>\n","protected":false},"author":1,"featured_media":0,"parent":0,"menu_order":0,"comment_status":"closed","ping_status":"open","template":"","meta":{"footnotes":""},"class_list":["post-3","page","type-page","status-publish","hentry"],"_links":{"self":[{"href":"https:\/\/karcamedikal.com\/old\/wp-json\/wp\/v2\/pages\/3","targetHints":{"allow":["GET"]}}],"collection":[{"href":"https:\/\/karcamedikal.com\/old\/wp-json\/wp\/v2\/pages"}],"about":[{"href":"https:\/\/karcamedikal.com\/old\/wp-json\/wp\/v2\/types\/page"}],"author":[{"embeddable":true,"href":"https:\/\/karcamedikal.com\/old\/wp-json\/wp\/v2\/users\/1"}],"replies":[{"embeddable":true,"href":"https:\/\/karcamedikal.com\/old\/wp-json\/wp\/v2\/comments?post=3"}],"version-history":[{"count":7,"href":"https:\/\/karcamedikal.com\/old\/wp-json\/wp\/v2\/pages\/3\/revisions"}],"predecessor-version":[{"id":11369,"href":"https:\/\/karcamedikal.com\/old\/wp-json\/wp\/v2\/pages\/3\/revisions\/11369"}],"wp:attachment":[{"href":"https:\/\/karcamedikal.com\/old\/wp-json\/wp\/v2\/media?parent=3"}],"curies":[{"name":"wp","href":"https:\/\/api.w.org\/{rel}","templated":true}]}}