{"id":28,"date":"2017-02-13T14:41:39","date_gmt":"2017-02-13T14:41:39","guid":{"rendered":"https:\/\/xstore.8theme.com\/demos\/medical\/?page_id=28"},"modified":"2022-09-05T15:18:13","modified_gmt":"2022-09-05T12:18:13","slug":"iletisim","status":"publish","type":"page","link":"https:\/\/karcamedikal.com\/old\/iletisim\/","title":{"rendered":"\u0130LET\u0130\u015e\u0130M"},"content":{"rendered":"<p>[vc_row equal_height=&#8221;yes&#8221; content_placement=&#8221;middle&#8221; css=&#8221;.vc_custom_1490255619306{margin-top: 15px !important;padding-top: 20px !important;}&#8221;][vc_column][vc_custom_heading text=&#8221;Bize Ula\u015f\u0131n&#8221; font_container=&#8221;tag:h2|font_size:40px|text_align:left|color:%23000000&#8243; google_fonts=&#8221;font_family:Catamaran%3Aregular|font_style:900%20black%3A900%3Anormal&#8221;][\/vc_column][\/vc_row][vc_row][vc_column]<div data-id=\"mpc_image-269d81c9e99076\" onclick=\"\" class=\"mpc-image mpc-init \" ><div class=\"mpc-item mpc-transition\"><img loading=\"lazy\" decoding=\"async\" width=\"56\" height=\"23\" src=\"https:\/\/karcamedikal.com\/old\/wp-content\/uploads\/2017\/02\/cardio.png\" class=\"mpc-transition attachment-medium\" alt=\"\" title=\"cardio\" \/><\/div><\/div>[\/vc_column][\/vc_row][vc_row][vc_column width=&#8221;1\/3&#8243;][vc_empty_space]        <link rel=\"stylesheet\" href=\"https:\/\/karcamedikal.com\/old\/wp-content\/themes\/xstore\/css\/modules\/builders\/icon-boxes.min.css\" type=\"text\/css\" media=\"all\" \/> \t\t\n\t\t<div\n                class=\"ibox-block  box-8369 icon-left align-left table\"\n                        >\n\t\t\t\t\t\t\t<div class=\"ibox-symbol\">\n\t\t\t\t\t<i class=\"fas fa-map-marker-alt\"><\/i>\t\t\t\t<\/div>\n\t\t\t\n\t\t\t<div class=\"ibox-content\">\n\t\t\t\t<h3 class=\"text-lowercase\">Adres<\/h3>\n\t\t\t\t\t\t\t\t\t<div class=\"ibox-text\">\n\t\t\t\t\t\t<\/p>\n<h6>Naci \u00c7ak\u0131r Mahallesi 759. Sokak<\/h6>\n<h6>No:11\/12 06450,<\/h6>\n<h6>Dikmen \/ \u00c7ankaya,<\/h6>\n<h6>Ankara,<\/h6>\n<h6>T\u00dcRK\u0130YE<\/h6>\n<p>\t\t\t\t\t<\/div>\n\t\t\t\t\n\t\t\t\t\t\t\t<\/div>\n\n\t\t\t\n\t\t<\/div>\n\n\t\t[vc_separator color=&#8221;turquoise&#8221; border_width=&#8221;2&#8243;][vc_empty_space]        <link rel=\"stylesheet\" href=\"https:\/\/karcamedikal.com\/old\/wp-content\/themes\/xstore\/css\/modules\/builders\/icon-boxes.min.css\" type=\"text\/css\" media=\"all\" \/> \t\t\n\t\t<div\n                class=\"ibox-block  box-5087 icon-left align-left table\"\n                        >\n\t\t\t\t\t\t\t<div class=\"ibox-symbol\">\n\t\t\t\t\t<i class=\"fas fa-phone-volume\"><\/i>\t\t\t\t<\/div>\n\t\t\t\n\t\t\t<div class=\"ibox-content\">\n\t\t\t\t<h3 class=\"text-lowercase\">Telefon &amp; Faks<\/h3>\n\t\t\t\t\t\t\t\t\t<div class=\"ibox-text\">\n\t\t\t\t\t\t<\/p>\n<h6><span style=\"color: #808080;\">Telefon : +90 312 482 1490, 91, 92<\/span><\/h6>\n<h6><span style=\"color: #808080;\">F aks\u00a0 \u00a0 \u00a0 \u00a0: +90 312 482 1489<\/span><\/h6>\n<p>\t\t\t\t\t<\/div>\n\t\t\t\t\n\t\t\t\t\t\t\t<\/div>\n\n\t\t\t\n\t\t<\/div>\n\n\t\t[vc_separator color=&#8221;turquoise&#8221; border_width=&#8221;2&#8243;][vc_empty_space]        <link rel=\"stylesheet\" href=\"https:\/\/karcamedikal.com\/old\/wp-content\/themes\/xstore\/css\/modules\/builders\/icon-boxes.min.css\" type=\"text\/css\" media=\"all\" \/> \t\t\n\t\t<div\n                class=\"ibox-block  box-4477 icon-left align-left table\"\n                        >\n\t\t\t\t\t\t\t<div class=\"ibox-symbol\">\n\t\t\t\t\t<i class=\"fas fa-at\"><\/i>\t\t\t\t<\/div>\n\t\t\t\n\t\t\t<div class=\"ibox-content\">\n\t\t\t\t<h3 class=\"text-lowercase\">E-Posta<\/h3>\n\t\t\t\t\t\t\t\t\t<div class=\"ibox-text\">\n\t\t\t\t\t\t<a href=\"http:\/\/www.karcamedikal.com\/mail%20to:%20info@karcamedikal.com\">info@karcamedikal.com<\/a>\t\t\t\t\t<\/div>\n\t\t\t\t\n\t\t\t\t\t\t\t<\/div>\n\n\t\t\t\n\t\t<\/div>\n\n\t\t[\/vc_column][vc_column width=&#8221;2\/3&#8243; css=&#8221;.vc_custom_1662039406895{border-radius: 5px !important;}&#8221; _et_uniqid=&#8221;et_custom_uniqid_new_6310b55910a09&#8243;]\n<div class=\"wpcf7 no-js\" id=\"wpcf7-f5479-o1\" lang=\"en-US\" dir=\"ltr\">\n<div class=\"screen-reader-response\"><p role=\"status\" aria-live=\"polite\" aria-atomic=\"true\"><\/p> <ul><\/ul><\/div>\n<form action=\"\/old\/wp-json\/wp\/v2\/pages\/28#wpcf7-f5479-o1\" method=\"post\" class=\"wpcf7-form init\" aria-label=\"Contact form\" novalidate=\"novalidate\" data-status=\"init\">\n<div style=\"display: none;\">\n<input type=\"hidden\" name=\"_wpcf7\" value=\"5479\" \/>\n<input type=\"hidden\" name=\"_wpcf7_version\" value=\"5.7.5.1\" \/>\n<input type=\"hidden\" name=\"_wpcf7_locale\" value=\"en_US\" \/>\n<input type=\"hidden\" name=\"_wpcf7_unit_tag\" value=\"wpcf7-f5479-o1\" \/>\n<input type=\"hidden\" name=\"_wpcf7_container_post\" value=\"0\" \/>\n<input type=\"hidden\" name=\"_wpcf7_posted_data_hash\" value=\"\" \/>\n<input type=\"hidden\" name=\"_wpcf7_recaptcha_response\" value=\"\" \/>\n<\/div>\n<div class=\"contact-form\">\n\t<p><span class=\"wpcf7-form-control-wrap\" data-name=\"website-url\"><input size=\"40\" class=\"wpcf7-form-control wpcf7-text contact-field\" aria-invalid=\"false\" placeholder=\"Firma \/ Kurum\" value=\"\" type=\"text\" name=\"website-url\" \/><\/span>\n\t<\/p>\n\t<p><span class=\"wpcf7-form-control-wrap\" data-name=\"your-name\"><input size=\"40\" class=\"wpcf7-form-control wpcf7-text wpcf7-validates-as-required contact-field\" aria-required=\"true\" aria-invalid=\"false\" placeholder=\"* Ad\u0131n\u0131z Soyad\u0131n\u0131z\" value=\"\" type=\"text\" name=\"your-name\" \/><\/span>\n\t<\/p>\n\t<p><span class=\"wpcf7-form-control-wrap\" data-name=\"email-address\"><input size=\"40\" class=\"wpcf7-form-control wpcf7-text wpcf7-email wpcf7-validates-as-required wpcf7-validates-as-email contact-field\" aria-required=\"true\" aria-invalid=\"false\" placeholder=\"* E Posta\" value=\"\" type=\"email\" name=\"email-address\" \/><\/span>\n\t<\/p>\n\t<p><span class=\"wpcf7-form-control-wrap\" data-name=\"tel-875\"><input size=\"40\" class=\"wpcf7-form-control wpcf7-text wpcf7-tel wpcf7-validates-as-required wpcf7-validates-as-tel contact-field\" aria-required=\"true\" aria-invalid=\"false\" placeholder=\"* Telefon\" value=\"\" type=\"tel\" name=\"tel-875\" \/><\/span>\n\t<\/p>\n\t<p><span class=\"wpcf7-form-control-wrap\" data-name=\"your-message\"><textarea cols=\"40\" rows=\"10\" class=\"wpcf7-form-control wpcf7-textarea wpcf7-validates-as-required contact-form\" aria-required=\"true\" aria-invalid=\"false\" placeholder=\"* Mesaj\u0131n\u0131z\" name=\"your-message\"><\/textarea><\/span>\n\t<\/p>\n\t<p><input class=\"wpcf7-form-control has-spinner wpcf7-submit contact-submit\" type=\"submit\" value=\"G\u00f6nder\" \/>\n\t<\/p>\n\t<p class=\"pod_b\">(*) \u0130\u015faretli Alanlar Zorunludur L\u00fctfen Sizlere D\u00f6n\u00fc\u015f Sa\u011flayabilmek i\u00e7in Kontrol Ediniz.\n\t<\/p>\n<\/div><p style=\"display: none !important;\"><label>&#916;<textarea name=\"_wpcf7_ak_hp_textarea\" cols=\"45\" rows=\"8\" maxlength=\"100\"><\/textarea><\/label><input type=\"hidden\" id=\"ak_js_1\" name=\"_wpcf7_ak_js\" value=\"50\"\/><script>document.getElementById( \"ak_js_1\" ).setAttribute( \"value\", ( new Date() ).getTime() );<\/script><\/p><div class=\"wpcf7-response-output\" aria-hidden=\"true\"><\/div>\n<\/form>\n<\/div>\n[\/vc_column][\/vc_row][vc_row][vc_column][vc_empty_space][vc_row_inner][vc_column_inner width=&#8221;1\/4&#8243;][\/vc_column_inner][vc_column_inner width=&#8221;1\/4&#8243;][\/vc_column_inner][vc_column_inner width=&#8221;1\/4&#8243;]<div data-id=\"mpc_image-8169d81c9e9b7e2\" onclick=\"\" class=\"mpc-image mpc-init \" ><div class=\"mpc-item mpc-transition\"><img loading=\"lazy\" decoding=\"async\" width=\"56\" height=\"23\" src=\"https:\/\/karcamedikal.com\/old\/wp-content\/uploads\/2017\/02\/cardio.png\" class=\"mpc-transition attachment-medium\" alt=\"\" title=\"cardio\" \/><\/div><\/div>[\/vc_column_inner][vc_column_inner width=&#8221;1\/4&#8243;][\/vc_column_inner][\/vc_row_inner][\/vc_column][\/vc_row][vc_row][vc_column][vc_gmaps link=&#8221;#E-8_JTNDaWZyYW1lJTIwc3JjJTNEJTIyaHR0cHMlM0ElMkYlMkZ3d3cuZ29vZ2xlLmNvbSUyRm1hcHMlMkZlbWJlZCUzRnBiJTNEJTIxMW0xNCUyMTFtOCUyMTFtMyUyMTFkMTkxLjM2ODAyOTEzNjExMTE4JTIxMmQzMi44NDAzMDExODYwNDM1MDQlMjEzZDM5Ljg3NjczNjE1Njc1NTYyNiUyMTNtMiUyMTFpMTAyNCUyMTJpNzY4JTIxNGYxMy4xJTIxM20zJTIxMW0yJTIxMXMweDAlMjUzQTB4OTc2YjY1NmRmMDlmNjQwMyUyMTJzS2FyY2ElMjUyME1lZGlrYWwlMjE1ZTAlMjEzbTIlMjExc3RyJTIxMnN0ciUyMTR2MTY2MjAzMzg3MDUyMiUyMTVtMiUyMTFzdHIlMjEyc3RyJTIyJTIwd2lkdGglM0QlMjI2MDAlMjIlMjBoZWlnaHQlM0QlMjI0NTAlMjIlMjBzdHlsZSUzRCUyMmJvcmRlciUzQTAlM0IlMjIlMjBhbGxvd2Z1bGxzY3JlZW4lM0QlMjIlMjIlMjBsb2FkaW5nJTNEJTIybGF6eSUyMiUyMHJlZmVycmVycG9saWN5JTNEJTIybm8tcmVmZXJyZXItd2hlbi1kb3duZ3JhZGUlMjIlM0UlM0MlMkZpZnJhbWUlM0U=&#8221;][\/vc_column][\/vc_row]<\/p>\n","protected":false},"excerpt":{"rendered":"<p>[vc_row equal_height=&#8221;yes&#8221; content_placement=&#8221;middle&#8221; css=&#8221;.vc_custom_1490255619306{margin-top: 15px !important;padding-top: 20px !important;}&#8221;][vc_column][vc_custom_heading text=&#8221;Bize Ula\u015f\u0131n&#8221; font_container=&#8221;tag:h2|font_size:40px|text_align:left|color:%23000000&#8243; google_fonts=&#8221;font_family:Catamaran%3Aregular|font_style:900%20black%3A900%3Anormal&#8221;][\/vc_column][\/vc_row][vc_row][vc_column][\/vc_column][\/vc_row][vc_row][vc_column width=&#8221;1\/3&#8243;][vc_empty_space][vc_separator color=&#8221;turquoise&#8221; border_width=&#8221;2&#8243;][vc_empty_space][vc_separator color=&#8221;turquoise&#8221; border_width=&#8221;2&#8243;][vc_empty_space][\/vc_column][vc_column width=&#8221;2\/3&#8243; css=&#8221;.vc_custom_1662039406895{border-radius: 5px !important;}&#8221; _et_uniqid=&#8221;et_custom_uniqid_new_6310b55910a09&#8243;][\/vc_column][\/vc_row][vc_row][vc_column][vc_empty_space][vc_row_inner][vc_column_inner width=&#8221;1\/4&#8243;][\/vc_column_inner][vc_column_inner width=&#8221;1\/4&#8243;][\/vc_column_inner][vc_column_inner width=&#8221;1\/4&#8243;][\/vc_column_inner][vc_column_inner&#8230;<\/p>\n","protected":false},"author":1,"featured_media":5742,"parent":0,"menu_order":0,"comment_status":"closed","ping_status":"closed","template":"","meta":{"footnotes":""},"class_list":["post-28","page","type-page","status-publish","has-post-thumbnail","hentry"],"_links":{"self":[{"href":"https:\/\/karcamedikal.com\/old\/wp-json\/wp\/v2\/pages\/28","targetHints":{"allow":["GET"]}}],"collection":[{"href":"https:\/\/karcamedikal.com\/old\/wp-json\/wp\/v2\/pages"}],"about":[{"href":"https:\/\/karcamedikal.com\/old\/wp-json\/wp\/v2\/types\/page"}],"author":[{"embeddable":true,"href":"https:\/\/karcamedikal.com\/old\/wp-json\/wp\/v2\/users\/1"}],"replies":[{"embeddable":true,"href":"https:\/\/karcamedikal.com\/old\/wp-json\/wp\/v2\/comments?post=28"}],"version-history":[{"count":28,"href":"https:\/\/karcamedikal.com\/old\/wp-json\/wp\/v2\/pages\/28\/revisions"}],"predecessor-version":[{"id":5851,"href":"https:\/\/karcamedikal.com\/old\/wp-json\/wp\/v2\/pages\/28\/revisions\/5851"}],"wp:featuredmedia":[{"embeddable":true,"href":"https:\/\/karcamedikal.com\/old\/wp-json\/wp\/v2\/media\/5742"}],"wp:attachment":[{"href":"https:\/\/karcamedikal.com\/old\/wp-json\/wp\/v2\/media?parent=28"}],"curies":[{"name":"wp","href":"https:\/\/api.w.org\/{rel}","templated":true}]}}