{"id":11371,"date":"2022-11-24T11:27:00","date_gmt":"2022-11-24T08:27:00","guid":{"rendered":"https:\/\/karcamedikal.com\/old\/?page_id=11371"},"modified":"2022-11-24T11:33:28","modified_gmt":"2022-11-24T08:33:28","slug":"kalite-politikamiz","status":"publish","type":"page","link":"https:\/\/karcamedikal.com\/old\/kalite-politikamiz\/","title":{"rendered":"Kalite Politikam\u0131z"},"content":{"rendered":"<p>[vc_row css=&#8221;.vc_custom_1489386478996{margin-top: 100px !important;margin-bottom: 100px !important;}&#8221;][vc_column width=&#8221;2\/3&#8243;][vc_column_text]<\/p>\n<h3>Kalite Politikam\u0131z<\/h3>\n<p>\u2022 T\u00fcm s\u00fcre\u00e7lerde, m\u00fc\u015fterinin ihtiya\u00e7 ve beklentilerini tam olarak kar\u015f\u0131layan bir anlay\u0131\u015f i\u00e7inde g\u00fcvenilir ve aranan firma olmak,<\/p>\n<p>\u2022 Maliyetleri d\u00fc\u015f\u00fcrmek ve karl\u0131l\u0131\u011f\u0131 artt\u0131rmak i\u00e7in teknolojik geli\u015fmeleri yak\u0131ndan takip etmek ve uygulamak,<\/p>\n<p>\u2022 Kalite ve \u00e7evre sistemleri \u00e7er\u00e7evesinde t\u00fcm \u00e7al\u0131\u015fanlar\u0131n daha yetkin ve yeteneklerini en \u00fcst seviyede kullanabilen ki\u015filer haline gelmeleri i\u00e7in ekip \u00e7al\u0131\u015fmas\u0131na \u00f6nem vererek kalite d\u00fczeyini s\u00fcrekli y\u00fckseltmek,<\/p>\n<p>\u2022 Faaliyetlerimiz s\u0131ras\u0131nda a\u00e7\u0131\u011fa \u00e7\u0131kan at\u0131klar\u0131n yasalara ve mevzuatlara uygun bir \u015fekilde y\u00f6netilmesini sa\u011flamak ve \u00e7evresel etkilerin en aza indirilmesini sa\u011flamak,<\/p>\n<p>\u2022 Yeni teknolojilerin takip edilerek at\u0131k olu\u015fumunun engellenmesini sa\u011flamak,<\/p>\n<p>\u2022 T\u00fcm \u00e7al\u0131\u015fanlarda kalite, \u00e7evre ve i\u015f g\u00fcvenli\u011fi bilincini artt\u0131rmak,<\/p>\n<p>\u2022 Tedarik\u00e7i ve tedarik\u00e7ilerle g\u00fcvene dayal\u0131 bir i\u015fbirli\u011fi i\u00e7inde olmak,<\/p>\n<p>\u2022 Firmam\u0131z\u0131n ad\u0131n\u0131 T\u00fcrkiye \u2019de daha \u00e7ok duyurmak amac\u0131na hizmet etmek \u00fczere, mevcut teknik, idari ve mali birikimlerimizi kullanmak,<\/p>\n<p>\u2022 En uygun, en do\u011fru ve en ekonomik \u00e7\u00f6z\u00fcmleri en h\u0131zl\u0131 bi\u00e7imde \u00fcreterek daha sonra ortaya \u00e7\u0131kabilecek uygunsuzluklar\u0131n \u00f6n\u00fcne ge\u00e7mek,<\/p>\n<p>\u2022 Ba\u015flanan her projeyi zaman\u0131nda, en \u00fcst d\u00fczey tekniklerle projesine tam uyumlu, istenen kalitede ve b\u00fct\u00e7e s\u0131n\u0131rlar\u0131 i\u00e7inde eksiksiz tamamlamak,<\/p>\n<p>kalite_politikamiz_1354817808\u2022 \u0130\u00e7inde bulundu\u011fumuz topluma ve \u00e7evreye sayg\u0131l\u0131, \u00f6rnek bir kurulu\u015f olmak,<\/p>\n<p>\u2022 K\u00fclt\u00fcr , etki , yasa,<\/p>\n<p>\u2022 \u0130\u015f hacmini, kalite ve \u00e7evre y\u00f6netim sistemlerimizi s\u00fcrekli geli\u015ftirerek, \u00fclke ekonomisine katk\u0131da bulunmak.[\/vc_column_text][\/vc_column][vc_column width=&#8221;1\/3&#8243;]<div data-id=\"mpc_image-6169df194b01d64\" onclick=\"\" class=\"mpc-image mpc-init mpc-fullwidth  mpc-overlay--slide-right\"  data-align=\"middle-center\"><div class=\"mpc-item mpc-transition\"><img loading=\"lazy\" decoding=\"async\" width=\"571\" height=\"680\" src=\"https:\/\/karcamedikal.com\/old\/wp-content\/uploads\/2022\/09\/about-1.png\" class=\"mpc-transition attachment-full\" alt=\"\" title=\"about-1\" srcset=\"https:\/\/karcamedikal.com\/old\/wp-content\/uploads\/2022\/09\/about-1.png 571w, https:\/\/karcamedikal.com\/old\/wp-content\/uploads\/2022\/09\/about-1-252x300.png 252w, https:\/\/karcamedikal.com\/old\/wp-content\/uploads\/2022\/09\/about-1-1x1.png 1w, https:\/\/karcamedikal.com\/old\/wp-content\/uploads\/2022\/09\/about-1-8x10.png 8w\" sizes=\"auto, (max-width: 571px) 100vw, 571px\" \/><div class=\"mpc-item-overlay mpc-transition\"><div class=\"mpc-overlay--vertical-wrap\"><div class=\"mpc-overlay--vertical\"><a href=\"https:\/\/karcamedikal.com\/old\/wp-content\/uploads\/2022\/09\/about-1.png\" rel=\"mpc\" class=\"mpc-icon-anchor mpc-magnific-popup\"><i class=\"mpc-item-overlay__icon mpc-type--lightbox mpc-icon--icon etl etl-magnifying-glass\"><\/i><\/a><\/div><\/div><\/div><\/div><\/div>[\/vc_column][\/vc_row]<\/p>\n","protected":false},"excerpt":{"rendered":"<p>[vc_row css=&#8221;.vc_custom_1489386478996{margin-top: 100px !important;margin-bottom: 100px !important;}&#8221;][vc_column width=&#8221;2\/3&#8243;][vc_column_text] Kalite Politikam\u0131z \u2022 T\u00fcm s\u00fcre\u00e7lerde, m\u00fc\u015fterinin ihtiya\u00e7 ve beklentilerini tam olarak kar\u015f\u0131layan bir anlay\u0131\u015f i\u00e7inde g\u00fcvenilir ve aranan&#8230;<\/p>\n","protected":false},"author":2,"featured_media":5742,"parent":0,"menu_order":0,"comment_status":"closed","ping_status":"closed","template":"","meta":{"footnotes":""},"class_list":["post-11371","page","type-page","status-publish","has-post-thumbnail","hentry"],"_links":{"self":[{"href":"https:\/\/karcamedikal.com\/old\/wp-json\/wp\/v2\/pages\/11371","targetHints":{"allow":["GET"]}}],"collection":[{"href":"https:\/\/karcamedikal.com\/old\/wp-json\/wp\/v2\/pages"}],"about":[{"href":"https:\/\/karcamedikal.com\/old\/wp-json\/wp\/v2\/types\/page"}],"author":[{"embeddable":true,"href":"https:\/\/karcamedikal.com\/old\/wp-json\/wp\/v2\/users\/2"}],"replies":[{"embeddable":true,"href":"https:\/\/karcamedikal.com\/old\/wp-json\/wp\/v2\/comments?post=11371"}],"version-history":[{"count":2,"href":"https:\/\/karcamedikal.com\/old\/wp-json\/wp\/v2\/pages\/11371\/revisions"}],"predecessor-version":[{"id":11373,"href":"https:\/\/karcamedikal.com\/old\/wp-json\/wp\/v2\/pages\/11371\/revisions\/11373"}],"wp:featuredmedia":[{"embeddable":true,"href":"https:\/\/karcamedikal.com\/old\/wp-json\/wp\/v2\/media\/5742"}],"wp:attachment":[{"href":"https:\/\/karcamedikal.com\/old\/wp-json\/wp\/v2\/media?parent=11371"}],"curies":[{"name":"wp","href":"https:\/\/api.w.org\/{rel}","templated":true}]}}