{"id":10982,"date":"2020-04-08T16:49:13","date_gmt":"2020-04-08T13:49:13","guid":{"rendered":"http:\/\/karcamedikal.com\/yeni\/?page_id=10982"},"modified":"2022-12-07T00:09:23","modified_gmt":"2022-12-06T21:09:23","slug":"weqas","status":"publish","type":"page","link":"https:\/\/karcamedikal.com\/old\/weqas\/","title":{"rendered":"WEQAS"},"content":{"rendered":"<p>[vc_row css=&#8221;.vc_custom_1585121704375{background-color: rgba(255,255,255,0.05) !important;*background-color: rgb(255,255,255) !important;}&#8221; el_id=&#8221;bck&#8221;][vc_column][vc_hoverbox image=&#8221;11503&#8243; primary_title=&#8221;&#8221; hover_title=&#8221;Welsh External Qual\u0131ty Assessment Serv\u0131ce &#8220;Global Prov\u0131der Of Qual\u0131ty In D\u0131agnost\u0131c Med\u0131c\u0131ne&#8220;&#8221;][\/vc_hoverbox][vc_row_inner][vc_column_inner css=&#8221;.vc_custom_1668090489597{margin-top: -10px !important;}&#8221; _et_uniqid=&#8221;et_custom_uniqid_new_636d0a763c0a6&#8243;][vc_btn title=&#8221;WEQAS&#8221; style=&#8221;gradient&#8221; gradient_color_1=&#8221;peacoc&#8221; gradient_color_2=&#8221;turquoise&#8221; shape=&#8221;square&#8221; align=&#8221;left&#8221; button_block=&#8221;true&#8221; css=&#8221;.vc_custom_1669788427725{padding-right: 15px !important;padding-left: 5px !important;}&#8221;][\/vc_column_inner][\/vc_row_inner][vc_separator color=&#8221;peacoc&#8221;][vc_column_text]<strong><span style=\"color: #1d2327;\">POCT Glikoz ve Ketonlar<\/span><\/strong><br \/>\n<span style=\"color: #1d2327;\">Plazma veya serum numuneleri steril plastik damlal\u0131kl\u0131 \u015fi\u015felerde sa\u011flan\u0131r. Da\u011f\u0131t\u0131m ba\u015f\u0131na hem glikoz hem de keton i\u00e7eren bir numune g\u00f6nderilir, kat\u0131l\u0131mc\u0131lar da\u011f\u0131t\u0131mlar\u0131 ayl\u0131k, iki ayda bir veya \u00fc\u00e7 ayda bir almay\u0131 se\u00e7ebilirler.<\/span><\/p>\n<p>[\/vc_column_text][vc_separator color=&#8221;peacoc&#8221;]<div class=\"wptm-wpbakery-container   vc_custom_1670360826258\" id=\"\" ><div class=\"wptm_table tablesorter-bootstrap \" data-id=\"32\" data-hightlight=\"0\"><div class=\"wptmresponsive dataTables-wptmtable wptmtable\" id=\"wptmtable32\" data-tableid=\"wptmTbl32\"><table data-format=\"Y-MM-DD\" id=\"wptmTbl32\" data-id=\"32\" data-responsive=\"false\" data-hideCols=\"false\" data-type=\"html\" data-paging=\"false\" data-searching=\"false\" data-ordering=\"false\" data-table-breakpoint=\"980\" data-scroll-x=\"true\" data-scroll-collapse=\"true\" data-align=\"center\" data-hideColumn=\"[0,0,0]\" data-colwidths=\"[209,270,270]\" class=\" disablePager\"><colgroup><col data-dtr=\"0\" data-dtc=\"0\" class=\"dtc0\"><col data-dtr=\"0\" data-dtc=\"1\" class=\"dtc1\"><col data-dtr=\"0\" data-dtc=\"2\" class=\"dtc2\"><\/colgroup><thead><tr class=\"wptm-header-cells-index dnone\"><th rowspan=\"1\" colspan=\"1\" data-dtr=\"0\" data-dtc=\"0\" class=\"dtr0 dtc0\"><\/th><th rowspan=\"1\" colspan=\"1\" data-dtr=\"0\" data-dtc=\"1\" class=\"dtr0 dtc1\"><\/th><th rowspan=\"1\" colspan=\"1\" data-dtr=\"0\" data-dtc=\"2\" class=\"dtr0 dtc2\"><\/th><\/tr><tr class=\" row0\"><th  colspan=\"3\" 0 data-priority=\"0\" class=\"dtr0 dtc0\">POCT Gl\u00fckoz & Keton DKD-YT Program\u0131<\/th><\/thead><tbody><tr class=\" row1\"><td  0  class=\"dtr1 dtc0\">Analit<\/td><td  0  class=\"dtr1 dtc1\">Yakla\u015f\u0131k Aral\u0131k<\/td><td  0  class=\"dtr1 dtc2\"><\/td><td  0  class=\"dtr1 dtc3\"><\/td><td  0  class=\"dtr1 dtc4\"><\/td><td  0  class=\"dtr1 dtc5\"><\/td><td  0  class=\"dtr1 dtc6\"><\/td><td  0  class=\"dtr1 dtc7\"><\/td><td  0  class=\"dtr1 dtc8\"><\/td><\/tr><tr class=\" row2\"><td  0  class=\"dtr2 dtc0\">Glukoz<\/td><td  0  class=\"dtr2 dtc1\">2.0 \u2013 30<\/td><td  0  class=\"dtr2 dtc2\">mmol\/L<\/td><td  0  class=\"dtr2 dtc3\"><\/td><td  0  class=\"dtr2 dtc4\"><\/td><td  0  class=\"dtr2 dtc5\"><\/td><td  0  class=\"dtr2 dtc6\"><\/td><td  0  class=\"dtr2 dtc7\"><\/td><td  0  class=\"dtr2 dtc8\"><\/td><\/tr><tr class=\" row3\"><td  0  class=\"dtr3 dtc0\">Keton<\/td><td  0  class=\"dtr3 dtc1\">0.6 \u2013 6.0<\/td><td  0  class=\"dtr3 dtc2\">mmol\/L<\/td><td  0  class=\"dtr3 dtc3\"><\/td><td  0  class=\"dtr3 dtc4\"><\/td><td  0  class=\"dtr3 dtc5\"><\/td><td  0  class=\"dtr3 dtc6\"><\/td><td  0  class=\"dtr3 dtc7\"><\/td><td  0  class=\"dtr3 dtc8\"><\/td><\/tr><tr class=\" row4\"><td  colspan=\"3\" 0  class=\"dtr4 dtc0\"><\/td><td  style=\"display: none\" 0  class=\"dtr4 dtc1\"><\/td><td  style=\"display: none\" 0  class=\"dtr4 dtc2\"><\/td><td  0  class=\"dtr4 dtc3\"><\/td><td  0  class=\"dtr4 dtc4\"><\/td><td  0  class=\"dtr4 dtc5\"><\/td><td  0  class=\"dtr4 dtc6\"><\/td><td  0  class=\"dtr4 dtc7\"><\/td><td  0  class=\"dtr4 dtc8\"><\/td><\/tr><\/tbody><tfoot><td class=\"dtr4 dtc0\" style=\"height: 0;\"><\/td><td class=\"dtr4 dtc1\" style=\"height: 0;\"><\/td><td class=\"dtr4 dtc2\" style=\"height: 0;\"><\/td><td class=\"dtr4 dtc3\" style=\"height: 0;\"><\/td><td class=\"dtr4 dtc4\" style=\"height: 0;\"><\/td><td class=\"dtr4 dtc5\" style=\"height: 0;\"><\/td><td class=\"dtr4 dtc6\" style=\"height: 0;\"><\/td><td class=\"dtr4 dtc7\" style=\"height: 0;\"><\/td><td class=\"dtr4 dtc8\" style=\"height: 0;\"><\/td><\/tfoot><\/table><\/div><style>#wptmtable32 .dataTables_wrapper > .dataTables_scroll {max-height:500px;overflow: auto;}<\/style><script>wptm_ajaxurl = 'https:\/\/karcamedikal.com\/old\/wp-admin\/admin-ajax.php?juwpfisadmin=false&action=Wptm&';<\/script><\/div><style>.droptables-highlight-horizontal, .droptables-highlight-vertical  {  color: #ffffff !important; background: rgba(255,255,170,0.9) !important; }<\/style><script>if (document.getElementsByClassName(\"vc_editor\").length > 0) {window.wptm_render_tables.call();}<\/script><\/div>[vc_separator color=&#8221;peacoc&#8221;][vc_row_inner][vc_column_inner width=&#8221;1\/3&#8243;][vc_btn title=&#8221;\u00c7al\u0131\u015fma Prosed\u00fcr\u00fc i\u00e7in t\u0131klay\u0131n\u0131z . . .&#8221; style=&#8221;gradient&#8221; gradient_color_1=&#8221;peacoc&#8221; gradient_color_2=&#8221;turquoise&#8221; shape=&#8221;square&#8221; size=&#8221;sm&#8221; align=&#8221;left&#8221; button_block=&#8221;true&#8221; css=&#8221;.vc_custom_1670360940206{padding-right: 15px !important;padding-left: 5px !important;}&#8221; link=&#8221;url:https%3A%2F%2Fkarcamedikal.com%2Fold%2Fwp-content%2Fuploads%2F2022%2F12%2FWEQAS_GlukozKeton_Insert_301122.pdf|target:_blank&#8221;][\/vc_column_inner][vc_column_inner width=&#8221;1\/3&#8243;][vc_btn title=&#8221;Daha detayl\u0131 bilgi i\u00e7in t\u0131klay\u0131n\u0131z . . .&#8221; style=&#8221;gradient&#8221; gradient_color_1=&#8221;peacoc&#8221; gradient_color_2=&#8221;turquoise&#8221; shape=&#8221;square&#8221; size=&#8221;sm&#8221; align=&#8221;left&#8221; button_block=&#8221;true&#8221; css=&#8221;.vc_custom_1670360951179{padding-right: 15px !important;padding-left: 5px !important;}&#8221; link=&#8221;url:https%3A%2F%2Fwww.weqas.com%2Fservices%2Fpoct-eqa%2Fpoct-glucose%2F|target:_blank&#8221;][\/vc_column_inner][vc_column_inner width=&#8221;1\/3&#8243;][vc_btn title=&#8221;WEQAS Bro\u015f\u00fcr i\u00e7in t\u0131klay\u0131n\u0131z . . .&#8221; style=&#8221;gradient&#8221; gradient_color_1=&#8221;peacoc&#8221; gradient_color_2=&#8221;turquoise&#8221; shape=&#8221;square&#8221; size=&#8221;sm&#8221; align=&#8221;left&#8221; button_block=&#8221;true&#8221; css=&#8221;.vc_custom_1670360963022{padding-right: 15px !important;padding-left: 5px !important;}&#8221; link=&#8221;url:https%3A%2F%2Fwww.weqas.com%2F%3Fwpdmdl%3D360|target:_blank&#8221;][\/vc_column_inner][\/vc_row_inner][vc_separator color=&#8221;peacoc&#8221;][\/vc_column][\/vc_row]<\/p>\n","protected":false},"excerpt":{"rendered":"<p>[vc_row css=&#8221;.vc_custom_1585121704375{background-color: rgba(255,255,255,0.05) !important;*background-color: rgb(255,255,255) !important;}&#8221; el_id=&#8221;bck&#8221;][vc_column][vc_hoverbox image=&#8221;11503&#8243; primary_title=&#8221;&#8221; hover_title=&#8221;Welsh External Qual\u0131ty Assessment Serv\u0131ce &#8220;Global Prov\u0131der Of Qual\u0131ty In D\u0131agnost\u0131c Med\u0131c\u0131ne&#8220;&#8221;][\/vc_hoverbox][vc_row_inner][vc_column_inner css=&#8221;.vc_custom_1668090489597{margin-top: -10px !important;}&#8221; _et_uniqid=&#8221;et_custom_uniqid_new_636d0a763c0a6&#8243;][vc_btn&#8230;<\/p>\n","protected":false},"author":2,"featured_media":0,"parent":0,"menu_order":0,"comment_status":"closed","ping_status":"closed","template":"","meta":{"footnotes":""},"class_list":["post-10982","page","type-page","status-publish","hentry"],"_links":{"self":[{"href":"https:\/\/karcamedikal.com\/old\/wp-json\/wp\/v2\/pages\/10982","targetHints":{"allow":["GET"]}}],"collection":[{"href":"https:\/\/karcamedikal.com\/old\/wp-json\/wp\/v2\/pages"}],"about":[{"href":"https:\/\/karcamedikal.com\/old\/wp-json\/wp\/v2\/types\/page"}],"author":[{"embeddable":true,"href":"https:\/\/karcamedikal.com\/old\/wp-json\/wp\/v2\/users\/2"}],"replies":[{"embeddable":true,"href":"https:\/\/karcamedikal.com\/old\/wp-json\/wp\/v2\/comments?post=10982"}],"version-history":[{"count":36,"href":"https:\/\/karcamedikal.com\/old\/wp-json\/wp\/v2\/pages\/10982\/revisions"}],"predecessor-version":[{"id":11621,"href":"https:\/\/karcamedikal.com\/old\/wp-json\/wp\/v2\/pages\/10982\/revisions\/11621"}],"wp:attachment":[{"href":"https:\/\/karcamedikal.com\/old\/wp-json\/wp\/v2\/media?parent=10982"}],"curies":[{"name":"wp","href":"https:\/\/api.w.org\/{rel}","templated":true}]}}