{"id":10741,"date":"2020-04-03T18:19:11","date_gmt":"2020-04-03T15:19:11","guid":{"rendered":"http:\/\/karcamedikal.com\/yeni\/?page_id=10741"},"modified":"2022-12-06T16:17:18","modified_gmt":"2022-12-06T13:17:18","slug":"uk-neqas-mikrobiyoloji","status":"publish","type":"page","link":"https:\/\/karcamedikal.com\/old\/uk-neqas-mikrobiyoloji\/","title":{"rendered":"UK NEQAS &#8211; Mikrobiyoloji"},"content":{"rendered":"<p>[vc_row css=&#8221;.vc_custom_1585121704375{background-color: rgba(255,255,255,0.05) !important;*background-color: rgb(255,255,255) !important;}&#8221; el_id=&#8221;bck&#8221;][vc_column][vc_hoverbox image=&#8221;11386&#8243; primary_title=&#8221;&#8221; hover_title=&#8221;Un\u0131ted K\u0131ngdom Nat\u0131onal External Qual\u0131ty Assessment Serv\u0131ce for M\u0131crob\u0131ology&#8221; hover_title_font_container=&#8221;color:rgba(95%2C124%2C183%2C0.92)&#8221; hover_title_google_fonts=&#8221;font_family:Poppins%3Aregular|font_style:600%20semi-bold%3A600%3Anormal&#8221; hover_background_color=&#8221;custom&#8221; use_custom_fonts_hover_title=&#8221;true&#8221; hover_custom_background=&#8221;#f3f3f3&#8243;][\/vc_hoverbox][vc_row_inner css=&#8221;.vc_custom_1585121557635{margin-right: 15px !important;}&#8221;][vc_column_inner css=&#8221;.vc_custom_1668090012074{margin-top: -10px !important;}&#8221; _et_uniqid=&#8221;et_custom_uniqid_new_636d0895d1add&#8221;][vc_btn title=&#8221;UK NEQAS Mikrobiyoloji&#8221; style=&#8221;gradient&#8221; shape=&#8221;square&#8221; size=&#8221;lg&#8221; align=&#8221;left&#8221; css_animation=&#8221;none&#8221; button_block=&#8221;true&#8221; css=&#8221;.vc_custom_1669713933633{padding-right: 15px !important;padding-left: 5px !important;}&#8221;][\/vc_column_inner][\/vc_row_inner][\/vc_column][\/vc_row][vc_row css=&#8221;.vc_custom_1585927759628{padding-top: 40px !important;background-color: #ffffff !important;}&#8221; el_id=&#8221;bck&#8221;][vc_column css=&#8221;.vc_custom_1585224766893{margin-top: 15px !important;margin-right: 0px !important;}&#8221;][vc_column_text]<strong><span style=\"color: #1d2327;\">UK NEQAS Mikrobiyoloji, Farkl\u0131 \u00fclkelerde 50 y\u0131l\u0131 a\u015fk\u0131n s\u00fcredir D\u0131\u015f Kalite De\u011ferlendirme &#8211; Yeterlilik Testleri\u00a0 alan\u0131ndaki tecr\u00fcbesiyle ba\u011f\u0131ms\u0131z; k\u00e2r amac\u0131 g\u00fctmeyen bir kurulu\u015ftur.<\/span><\/strong><\/p>\n<p><span style=\"color: #1d2327;\">UK NEQAS Mikrobiyoloji;<\/span><\/p>\n<ul>\n<li><span style=\"color: #1d2327;\">Bakteriyoloji<\/span><\/li>\n<li><span style=\"color: #1d2327;\">Molek\u00fcler<\/span><\/li>\n<li><span style=\"color: #1d2327;\">Mikoloji<\/span><\/li>\n<li><span style=\"color: #1d2327;\">Parazitoloji<\/span><\/li>\n<li><span style=\"color: #1d2327;\">Viroloji<\/span><\/li>\n<li><span style=\"color: #1d2327;\">Hasta Ba\u015f\u0131 Testler (POCT) uygulamalar\u0131n\u0131 yapan laboratuvarlar i\u00e7in D\u0131\u015f Kalite De\u011ferlendirme hizmeti sunar.<\/span><\/li>\n<\/ul>\n<p>[\/vc_column_text][vc_separator][vc_single_image image=&#8221;11396&#8243; img_size=&#8221;full&#8221; alignment=&#8221;center&#8221;][vc_btn title=&#8221;UK NEQAS Mikrobiyoloji D\u0131\u015f Kalite De\u011ferlendirme &#8211; Yeterlilik Testi Hizmetleri&#8221; shape=&#8221;square&#8221; color=&#8221;mulled-wine&#8221; size=&#8221;lg&#8221; align=&#8221;left&#8221; css_animation=&#8221;none&#8221; css=&#8221;.vc_custom_1669743632558{padding-right: 15px !important;padding-left: 5px !important;}&#8221;][vc_tta_accordion title_tag=&#8221;p&#8221; section_title_tag=&#8221;p&#8221; style=&#8221;modern&#8221; color=&#8221;mulled-wine&#8221; spacing=&#8221;1&#8243; active_section=&#8221;1&#8243; no_fill=&#8221;true&#8221;][vc_tta_section title=&#8221;Bakteriyoloji Programlar\u0131&#8221; tab_id=&#8221;1669716915099-519c0e82-c997&#8243;][vc_column_text]<span style=\"color: #1d2327;\"><img loading=\"lazy\" decoding=\"async\" class=\" wp-image-11425 alignleft\" src=\"https:\/\/karcamedikal.com\/old\/wp-content\/uploads\/2022\/11\/Bact-1.jpg\" alt=\"\" width=\"161\" height=\"161\" srcset=\"https:\/\/karcamedikal.com\/old\/wp-content\/uploads\/2022\/11\/Bact-1.jpg 100w, https:\/\/karcamedikal.com\/old\/wp-content\/uploads\/2022\/11\/Bact-1-1x1.jpg 1w, https:\/\/karcamedikal.com\/old\/wp-content\/uploads\/2022\/11\/Bact-1-10x10.jpg 10w\" sizes=\"auto, (max-width: 161px) 100vw, 161px\" \/>Bu programlar; rutin bakteriyoloji, izolasyon, tespit, mikroskobi ve duyarl\u0131l\u0131k testi yapan b\u00fct\u00fcn klinik tan\u0131 laboratuvarlar\u0131 i\u00e7in uygundur. Ayr\u0131ca molek\u00fcler testler \u00e7al\u0131\u015fan laboratuvarlar\u0131n da ihtiya\u00e7lar\u0131n\u0131 kar\u015f\u0131lamak i\u00e7in tasarlanm\u0131\u015f baz\u0131 programlar\u0131 da vard\u0131r.<\/span><\/p>\n<p><span style=\"color: #1d2327;\"><strong>Program detaylar\u0131 i\u00e7in<\/strong> <a target=\"_blank\" class=\"btn  medium\" href=\"https:\/\/ukneqasmicro.org.uk\/images\/pdf\/DOC.0398.pdf\"><span> t\u0131klay\u0131n\u0131z.<\/span><\/a><\/span><\/p>\n<p><span style=\"color: #1d2327;\"><strong>G\u00f6nderilecek mikro organizma listesi i\u00e7in<\/strong> <a target=\"_blank\" class=\"btn  medium\" href=\"https:\/\/www.ukneqasmicro.org.uk\/images\/pdf\/DOC.0316.pdf\"><span> t\u0131klay\u0131n\u0131z.<\/span><\/a><\/span>[\/vc_column_text][vc_separator][\/vc_tta_section][vc_tta_section title=&#8221;Molek\u00fcler Mikrobiyoloji Programlar\u0131&#8221; tab_id=&#8221;1669716915099-b3d97419-1895&#8243;][vc_column_text]<span style=\"color: #1d2327;\"><img loading=\"lazy\" decoding=\"async\" class=\"wp-image-11429 size-full alignleft\" src=\"https:\/\/karcamedikal.com\/old\/wp-content\/uploads\/2022\/11\/mol-1.png\" width=\"100\" height=\"100\" srcset=\"https:\/\/karcamedikal.com\/old\/wp-content\/uploads\/2022\/11\/mol-1.png 100w, https:\/\/karcamedikal.com\/old\/wp-content\/uploads\/2022\/11\/mol-1-1x1.png 1w, https:\/\/karcamedikal.com\/old\/wp-content\/uploads\/2022\/11\/mol-1-10x10.png 10w\" sizes=\"auto, (max-width: 100px) 100vw, 100px\" \/>Bu programlar; mikroorganizmalar\u0131 molek\u00fcler metotlarla tespit eden laboratuvarlar i\u00e7in uygundur.\u00a0 Molek\u00fcler\u00a0 programlar; kalitatif ve\/veya uygun genotiplendirmeyi i\u00e7erdi\u011finde kantitatiftir.<\/span><\/p>\n<p><span style=\"color: #1d2327;\"><strong>Program detaylar\u0131 i\u00e7in<\/strong> <a target=\"_blank\" class=\"btn  medium\" href=\"https:\/\/www.ukneqasmicro.org.uk\/images\/pdf\/DOC.0401.pdf\"><span> t\u0131klay\u0131n\u0131z.<\/span><\/a><\/span>[\/vc_column_text][vc_separator][\/vc_tta_section][vc_tta_section title=&#8221;Mikoloji Programlar\u0131&#8221; tab_id=&#8221;1669727057274-de27b232-5029&#8243;][vc_column_text]<img loading=\"lazy\" decoding=\"async\" class=\" wp-image-11270 alignleft\" src=\"https:\/\/karcamedikal.com\/old\/wp-content\/uploads\/2022\/11\/flavus-300x300.jpg\" alt=\"\" width=\"203\" height=\"203\" srcset=\"https:\/\/karcamedikal.com\/old\/wp-content\/uploads\/2022\/11\/flavus-300x300.jpg 300w, https:\/\/karcamedikal.com\/old\/wp-content\/uploads\/2022\/11\/flavus-150x150.jpg 150w, https:\/\/karcamedikal.com\/old\/wp-content\/uploads\/2022\/11\/flavus-1x1.jpg 1w, https:\/\/karcamedikal.com\/old\/wp-content\/uploads\/2022\/11\/flavus-10x10.jpg 10w, https:\/\/karcamedikal.com\/old\/wp-content\/uploads\/2022\/11\/flavus-100x100.jpg 100w, https:\/\/karcamedikal.com\/old\/wp-content\/uploads\/2022\/11\/flavus.jpg 400w\" sizes=\"auto, (max-width: 203px) 100vw, 203px\" \/>Bu programlar; patojenik mantarlarda anti-fungal duyarl\u0131l\u0131k izolasyonu, tespiti ve de\u011ferlendirmesini yapan b\u00fct\u00fcn klinik tan\u0131 laboratuvarlar i\u00e7in uygundur. Mikoloji\u00a0 program\u0131; maya ve mantarlar\u0131n geni\u015f bir b\u00f6l\u00fcm\u00fcn\u00fc kapsar. Kat\u0131l\u0131mc\u0131lara, bilinen mantar patojenlerinin yan\u0131 s\u0131ra al\u0131\u015fkanl\u0131k olu\u015fturmas\u0131 i\u00e7in nadir organizmalar da g\u00f6nderilmektedir. \u00a0Bu programlar; yayg\u0131n dermatofitlerin tayini ve imm\u00fcn risk alt\u0131ndaki hastada a\u011f\u0131r enfeksiyonla birlikte y\u00fckselen mantar enfeksiyonlar\u0131n\u0131n seyrine ait bilgilerin geli\u015ftirilmesi i\u00e7in tasarlanm\u0131\u015ft\u0131r. Referans laboratuvarda olu\u015fturulmu\u015f olan izolatlar yard\u0131mc\u0131 uzman yorumu ile birlikte sa\u011flanmaktad\u0131r.<\/p>\n<p style=\"padding-left: 240px;\"><strong>Program detaylar\u0131 i\u00e7in<\/strong> <a target=\"_blank\" class=\"btn  medium\" href=\"https:\/\/www.ukneqasmicro.org.uk\/images\/pdf\/DOC.0402.pdf\"><span> t\u0131klay\u0131n\u0131z.<\/span><\/a><\/p>\n<p style=\"padding-left: 240px;\"><strong>G\u00f6nderilecek mikro organizma listesi i\u00e7in<\/strong> <a target=\"_blank\" class=\"btn  medium\" href=\"https:\/\/www.ukneqasmicro.org.uk\/images\/pdf\/DOC.0316.pdf\"><span> t\u0131klay\u0131n\u0131z.<\/span><\/a><\/p>\n<p>[\/vc_column_text][vc_separator][\/vc_tta_section][vc_tta_section title=&#8221;Parazitoloji Programlar\u0131&#8221; tab_id=&#8221;1669728264273-8eeb06b9-3c5b&#8221;][vc_column_text]<img loading=\"lazy\" decoding=\"async\" class=\"size-full wp-image-11272 alignleft\" src=\"https:\/\/karcamedikal.com\/old\/wp-content\/uploads\/2022\/11\/Parazitoloji1-300x193-1.png\" alt=\"\" width=\"300\" height=\"193\" srcset=\"https:\/\/karcamedikal.com\/old\/wp-content\/uploads\/2022\/11\/Parazitoloji1-300x193-1.png 300w, https:\/\/karcamedikal.com\/old\/wp-content\/uploads\/2022\/11\/Parazitoloji1-300x193-1-1x1.png 1w, https:\/\/karcamedikal.com\/old\/wp-content\/uploads\/2022\/11\/Parazitoloji1-300x193-1-10x6.png 10w\" sizes=\"auto, (max-width: 300px) 100vw, 300px\" \/><\/p>\n<p><span style=\"color: #1d2327;\">Parazitoloji Programlar\u0131; bir\u00e7ok paraziti ve bunlar\u0131n tespit metotlar\u0131n\u0131 yorumlamak i\u00e7in metot ve \u00f6rnek tiplerinin geni\u015f bir \u00e7e\u015fitlili\u011fini sunar. Fekal numunelerdeki parazit aral\u0131klar\u0131 helmint yumurta ve larvas\u0131, protozoan kistleri ve ookistleri ile kan \u00f6rneklerinde malarya parazitleri, mikrofilerya, tripanozomlar ve leishmania&#8217;y\u0131 i\u00e7erir. EQA \u00f6rneklerine ek olarak; hem kan ve hem de fekal parazitoloji i\u00e7in e\u011fitim programlar\u0131 da mevcuttur.<\/span><\/p>\n<p style=\"padding-left: 360px;\"><span style=\"color: #1d2327;\"><strong>Program detaylar\u0131 i\u00e7in<\/strong> <a target=\"_blank\" class=\"btn  medium\" href=\"https:\/\/www.ukneqasmicro.org.uk\/images\/pdf\/DOC.0399.pdf\"><span> t\u0131klay\u0131n\u0131z.<\/span><\/a><\/span><\/p>\n<p style=\"padding-left: 360px;\"><span style=\"color: #1d2327;\"><strong>G\u00f6nderilecek mikro organizma listesi i\u00e7in<\/strong> <a target=\"_blank\" class=\"btn  medium\" href=\"https:\/\/www.ukneqasmicro.org.uk\/images\/pdf\/DOC.0316.pdf\"><span> t\u0131klay\u0131n\u0131z.<\/span><\/a><\/span><\/p>\n<p style=\"padding-left: 360px;\"><span style=\"color: #1d2327;\"><strong>UK NEQAS Parazitoloji<\/strong> <strong>web sayfas\u0131 i\u00e7in<\/strong> <a target=\"_blank\" class=\"btn  medium\" href=\"https:\/\/www.ukneqasmicro.org.uk\/parasitology\/\"><span> t\u0131klay\u0131n\u0131z.<\/span><\/a><\/span><\/p>\n<p>[\/vc_column_text][vc_separator][\/vc_tta_section][vc_tta_section title=&#8221;Seroloji Programlar\u0131&#8221; tab_id=&#8221;1669728265835-5e1fa1c3-804f&#8221;][vc_column_text]<img loading=\"lazy\" decoding=\"async\" class=\"size-medium wp-image-11448 alignleft\" src=\"https:\/\/karcamedikal.com\/old\/wp-content\/uploads\/2022\/11\/FYv6iFPWIAENsWB-300x200.jpg\" alt=\"\" width=\"300\" height=\"200\" srcset=\"https:\/\/karcamedikal.com\/old\/wp-content\/uploads\/2022\/11\/FYv6iFPWIAENsWB-300x200.jpg 300w, https:\/\/karcamedikal.com\/old\/wp-content\/uploads\/2022\/11\/FYv6iFPWIAENsWB-1x1.jpg 1w, https:\/\/karcamedikal.com\/old\/wp-content\/uploads\/2022\/11\/FYv6iFPWIAENsWB-10x7.jpg 10w, https:\/\/karcamedikal.com\/old\/wp-content\/uploads\/2022\/11\/FYv6iFPWIAENsWB-600x400.jpg 600w, https:\/\/karcamedikal.com\/old\/wp-content\/uploads\/2022\/11\/FYv6iFPWIAENsWB.jpg 680w\" sizes=\"auto, (max-width: 300px) 100vw, 300px\" \/><span style=\"color: #1d2327;\">Bu programlar; mikrobiyal antijen veya antikor testleri \u00e7al\u0131\u015fan klinik tan\u0131 laboratuvarlar\u0131 i\u00e7in uygundur. Programlar; HIV ve HBV gibi vir\u00fcsler, Treponema pallidum gibi bakteriler, Toksoplazma gibi parazitler i\u00e7in serolojik testlerin b\u00fcy\u00fck bir b\u00f6l\u00fcm\u00fcn\u00fc kapsar. Kanla ta\u015f\u0131nan vir\u00fcsler gibi baz\u0131 serolojik programlar; kan don\u00f6rlerini tarayan laboratuvarlar i\u00e7in tasarlanm\u0131\u015fken di\u011ferleri; HAV, CMV ve EBV IgM antikorlar\u0131n\u0131n taramas\u0131 gibi tan\u0131 testlerini destekler.<\/span><\/p>\n<p><span style=\"color: #1d2327;\">Programlar; baz\u0131lar\u0131 do\u011frulama testleri kullan\u0131m\u0131n\u0131 gerektiren tekli ya da \u00e7oklu parametrelerden olu\u015fabilir. De\u011ferlemede genel bilgi: \u00d6rnekler, testlerin bir aral\u0131\u011f\u0131 kullan\u0131larak karakterize edilir ve \u00f6n-da\u011f\u0131t\u0131m sonu\u00e7lar\u0131 ile uygun bulunursa de\u011ferleme yap\u0131l\u0131r. B\u00f6ylece; kat\u0131l\u0131mc\u0131 laboratuvarlar\u0131n, konsens\u00fcs \u00f6n-da\u011f\u0131t\u0131m sonucunu elde etmek i\u00e7in ehliyetlerine g\u00f6re de\u011ferlemeleri yap\u0131l\u0131r. Programlara ait \u00f6zel ya da harici durumlar a\u015fa\u011f\u0131daki tablonun de\u011ferleme s\u00fctununda belirtilmi\u015ftir.<\/span><\/p>\n<p style=\"padding-left: 240px;\"><span style=\"color: #1d2327;\"><strong>Program detaylar\u0131 i\u00e7in<\/strong> <a target=\"_blank\" class=\"btn  medium\" href=\"https:\/\/www.ukneqasmicro.org.uk\/images\/pdf\/DOC.0400.pdf\"><span> t\u0131klay\u0131n\u0131z.<\/span><\/a><\/span><\/p>\n<p style=\"padding-left: 240px;\"><span style=\"color: #1d2327;\"><strong>G\u00f6nderilecek mikro organizma listesi i\u00e7in<\/strong> <a target=\"_blank\" class=\"btn  medium\" href=\"https:\/\/www.ukneqasmicro.org.uk\/images\/pdf\/DOC.0316.pdf\"><span> t\u0131klay\u0131n\u0131z.<\/span><\/a><\/span><\/p>\n<p>[\/vc_column_text][vc_separator][\/vc_tta_section][vc_tta_section title=&#8221;POCT &#8211; Hasta Ba\u015f\u0131 Test Programlar\u0131&#8221; tab_id=&#8221;1669729760107-ace9fe94-c06d&#8221;][vc_column_text]<img loading=\"lazy\" decoding=\"async\" class=\" wp-image-11451 alignleft\" src=\"https:\/\/karcamedikal.com\/old\/wp-content\/uploads\/2022\/11\/POCT-300x192.png\" alt=\"\" width=\"187\" height=\"120\" srcset=\"https:\/\/karcamedikal.com\/old\/wp-content\/uploads\/2022\/11\/POCT-300x192.png 300w, https:\/\/karcamedikal.com\/old\/wp-content\/uploads\/2022\/11\/POCT-1x1.png 1w, https:\/\/karcamedikal.com\/old\/wp-content\/uploads\/2022\/11\/POCT-10x6.png 10w, https:\/\/karcamedikal.com\/old\/wp-content\/uploads\/2022\/11\/POCT.png 409w\" sizes=\"auto, (max-width: 187px) 100vw, 187px\" \/><span style=\"color: #1d2327;\">Bu programlar; mikrobiyolojik hastal\u0131klar\u0131n acil tan\u0131s\u0131nda\u00a0kullan\u0131lan point of care (hasta-ba\u015f\u0131) testleri yapan\u00a0merkezlerin kullan\u0131m\u0131na uygundur.<\/span><\/p>\n<p><span style=\"color: #1d2327;\"><strong>Program detaylar\u0131 i\u00e7in <a target=\"_blank\" class=\"btn  medium\" href=\"https:\/\/www.ukneqasmicro.org.uk\/images\/pdf\/DOC.0610.pdf\"><span> t\u0131klay\u0131n\u0131z.<\/span><\/a><\/strong><\/span>[\/vc_column_text][vc_separator][\/vc_tta_section][vc_tta_section title=&#8221;Kalite ve Akreditasyon&#8221; tab_id=&#8221;1669729761712-aac09061-9515&#8243;][vc_column_text]<img loading=\"lazy\" decoding=\"async\" class=\"alignleft wp-image-11454\" src=\"https:\/\/karcamedikal.com\/old\/wp-content\/uploads\/2022\/11\/UKAS-235x300.png\" width=\"135\" height=\"172\" srcset=\"https:\/\/karcamedikal.com\/old\/wp-content\/uploads\/2022\/11\/UKAS-235x300.png 235w, https:\/\/karcamedikal.com\/old\/wp-content\/uploads\/2022\/11\/UKAS-1x1.png 1w, https:\/\/karcamedikal.com\/old\/wp-content\/uploads\/2022\/11\/UKAS-8x10.png 8w, https:\/\/karcamedikal.com\/old\/wp-content\/uploads\/2022\/11\/UKAS.png 281w\" sizes=\"auto, (max-width: 135px) 100vw, 135px\" \/>Program; kat\u0131l\u0131mc\u0131lara y\u00fcksek kalitede hizmet sunmay\u0131, nesnel ve \u00f6l\u00e7\u00fclebilir kaliteli standartlarla \u00e7al\u0131\u015fmay\u0131 ama\u00e7lar. UK NEQAS Mikrobiyoloji; <strong>ISO17043:2010<\/strong> standard\u0131na g\u00f6re <strong>UKAS<\/strong> taraf\u0131ndan akreditasyonu onaylanm\u0131\u015f, <strong>4715 No<\/strong>\u2019lu<br \/>\n<strong>Yeterlilik Testleri<\/strong> tedarik\u00e7isidir <em>(l\u00fctfen detaylar i\u00e7in programlara bak\u0131n\u0131z)<\/em>.<br \/>\n*Pilot programlar hen\u00fcz akredite de\u011fildir. Performans izleme sistemleri hen\u00fcz olu\u015fturulmam\u0131\u015f olmakla birlikte, akredite programlarla ayn\u0131 y\u00fcksek standartlarda hizmet sa\u011flanmaktad\u0131r. Ge\u00e7erlilikleri bir kez saptand\u0131ktan sonra, performans\u0131 izlemek i\u00e7in bir de\u011ferlendirme sistemi olu\u015fturulacak ve akreditasyonu sa\u011flanacakt\u0131r.[\/vc_column_text][\/vc_tta_section][vc_tta_section title=&#8221;Neden UK NEQAS?&#8221; tab_id=&#8221;1669742890013-c051e70b-9f87&#8243;][vc_single_image image=&#8221;11592&#8243; img_size=&#8221;full&#8221;][\/vc_tta_section][vc_tta_section title=&#8221;UKNEQAS Mikrobiyoloji, 50 y\u0131l\u0131 a\u015fk\u0131n bir s\u00fcredir EQA sa\u011flamaktan gurur duyuyor&#8230;&#8221; tab_id=&#8221;1669742827897-7fac4c34-24f4&#8243;][vc_single_image image=&#8221;11457&#8243; img_size=&#8221;full&#8221;][\/vc_tta_section][\/vc_tta_accordion][vc_separator][\/vc_column][\/vc_row][vc_row][vc_column][\/vc_column][\/vc_row]<\/p>\n","protected":false},"excerpt":{"rendered":"<p>[vc_row css=&#8221;.vc_custom_1585121704375{background-color: rgba(255,255,255,0.05) !important;*background-color: rgb(255,255,255) !important;}&#8221; el_id=&#8221;bck&#8221;][vc_column][vc_hoverbox image=&#8221;11386&#8243; primary_title=&#8221;&#8221; hover_title=&#8221;Un\u0131ted K\u0131ngdom Nat\u0131onal External Qual\u0131ty Assessment Serv\u0131ce for M\u0131crob\u0131ology&#8221; hover_title_font_container=&#8221;color:rgba(95%2C124%2C183%2C0.92)&#8221; hover_title_google_fonts=&#8221;font_family:Poppins%3Aregular|font_style:600%20semi-bold%3A600%3Anormal&#8221; hover_background_color=&#8221;custom&#8221; use_custom_fonts_hover_title=&#8221;true&#8221; hover_custom_background=&#8221;#f3f3f3&#8243;][\/vc_hoverbox][vc_row_inner css=&#8221;.vc_custom_1585121557635{margin-right: 15px&#8230;<\/p>\n","protected":false},"author":2,"featured_media":0,"parent":0,"menu_order":0,"comment_status":"closed","ping_status":"closed","template":"","meta":{"footnotes":""},"class_list":["post-10741","page","type-page","status-publish","hentry"],"_links":{"self":[{"href":"https:\/\/karcamedikal.com\/old\/wp-json\/wp\/v2\/pages\/10741","targetHints":{"allow":["GET"]}}],"collection":[{"href":"https:\/\/karcamedikal.com\/old\/wp-json\/wp\/v2\/pages"}],"about":[{"href":"https:\/\/karcamedikal.com\/old\/wp-json\/wp\/v2\/types\/page"}],"author":[{"embeddable":true,"href":"https:\/\/karcamedikal.com\/old\/wp-json\/wp\/v2\/users\/2"}],"replies":[{"embeddable":true,"href":"https:\/\/karcamedikal.com\/old\/wp-json\/wp\/v2\/comments?post=10741"}],"version-history":[{"count":68,"href":"https:\/\/karcamedikal.com\/old\/wp-json\/wp\/v2\/pages\/10741\/revisions"}],"predecessor-version":[{"id":11593,"href":"https:\/\/karcamedikal.com\/old\/wp-json\/wp\/v2\/pages\/10741\/revisions\/11593"}],"wp:attachment":[{"href":"https:\/\/karcamedikal.com\/old\/wp-json\/wp\/v2\/media?parent=10741"}],"curies":[{"name":"wp","href":"https:\/\/api.w.org\/{rel}","templated":true}]}}