{"id":10638,"date":"2020-04-02T09:53:10","date_gmt":"2020-04-02T06:53:10","guid":{"rendered":"http:\/\/karcamedikal.com\/yeni\/?page_id=10638"},"modified":"2022-11-09T16:27:12","modified_gmt":"2022-11-09T13:27:12","slug":"riqas","status":"publish","type":"page","link":"https:\/\/karcamedikal.com\/old\/riqas\/","title":{"rendered":"RIQAS"},"content":{"rendered":"<p>[vc_row css=&#8221;.vc_custom_1585121704375{background-color: rgba(255,255,255,0.05) !important;*background-color: rgb(255,255,255) !important;}&#8221; el_id=&#8221;bck&#8221;][vc_column][vc_hoverbox image=&#8221;11114&#8243; primary_title=&#8221;&#8221; hover_title=&#8221;RIQAS DKK (EQA)&#8221;][\/vc_hoverbox][vc_row_inner css=&#8221;.vc_custom_1585121557635{margin-right: 15px !important;}&#8221;][vc_column_inner width=&#8221;1\/3&#8243; css=&#8221;.vc_custom_1667998581729{margin-top: -10px !important;}&#8221; _et_uniqid=&#8221;et_custom_uniqid_new_636ba3724760a&#8221;][vc_btn title=&#8221;RIQAS DKK (EQA)&#8221; style=&#8221;custom&#8221; custom_background=&#8221;#d71920&#8243; custom_text=&#8221;#ffffff&#8221; shape=&#8221;square&#8221; align=&#8221;center&#8221; css_animation=&#8221;none&#8221; button_block=&#8221;true&#8221; css=&#8221;.vc_custom_1667998571113{padding-right: 15px !important;padding-left: 5px !important;}&#8221;][\/vc_column_inner][vc_column_inner width=&#8221;2\/3&#8243;][\/vc_column_inner][\/vc_row_inner][\/vc_column][\/vc_row][vc_row css=&#8221;.vc_custom_1585121744428{padding-top: 40px !important;}&#8221; el_id=&#8221;bck&#8221;][vc_column css=&#8221;.vc_custom_1585224766893{margin-top: 15px !important;margin-right: 0px !important;}&#8221;][vc_column_text]<\/p>\n<h2><strong>RIQAS d\u00fcnya \u00e7ap\u0131nda en b\u00fcy\u00fck DKK (EQA) program\u0131d\u0131r<\/strong><\/h2>\n<p>[\/vc_column_text][vc_column_text css=&#8221;.vc_custom_1585810507466{margin-right: 25px !important;margin-left: 25px !important;}&#8221;]1990 y\u0131l\u0131nda kuruldu\u011fundan bu yana\u00a0<strong><em>RIQAS<\/em><\/strong>, d\u00fcnya \u00e7ap\u0131nda 105 \u00fclkede, 31,000 den fazla laboratuvar kullan\u0131c\u0131s\u0131 ile d\u00fcnyan\u0131n en b\u00fcy\u00fck d\u0131\u015f kalite kontrol program sa\u011flay\u0131c\u0131lar\u0131ndan biri olmu\u015ftur.[\/vc_column_text][\/vc_column][\/vc_row][vc_row el_id=&#8221;bck&#8221;][vc_column][vc_empty_space height=&#8221;50px&#8221;][vc_separator][\/vc_column][\/vc_row][vc_row css=&#8221;.vc_custom_1585123032260{padding-top: 5px !important;padding-right: 5px !important;padding-bottom: 5px !important;padding-left: 5px !important;}&#8221; el_id=&#8221;bck&#8221;][vc_column css=&#8221;.vc_custom_1585122221413{padding-top: 10px !important;padding-right: 10px !important;padding-bottom: 10px !important;padding-left: 10px !important;}&#8221;][vc_row_inner css=&#8221;.vc_custom_1585121557635{margin-right: 15px !important;}&#8221;][vc_column_inner width=&#8221;2\/3&#8243;][vc_custom_heading text=&#8221;RIQAS DKK (EQA)&#8221; font_container=&#8221;tag:h2|font_size:22|text_align:left|color:%23d71920&#8243; use_theme_fonts=&#8221;yes&#8221; css=&#8221;.vc_custom_1585810563472{margin-top: 25px !important;margin-left: 15px !important;}&#8221;][\/vc_column_inner][vc_column_inner width=&#8221;1\/3&#8243; css=&#8221;.vc_custom_1585114065188{margin-top: 20px !important;}&#8221;][vc_btn title=&#8221;\u0130ndir&#8221; style=&#8221;custom&#8221; custom_background=&#8221;#d71920&#8243; custom_text=&#8221;#ffffff&#8221; align=&#8221;center&#8221; i_icon_fontawesome=&#8221;far fa-file-pdf&#8221; css_animation=&#8221;fadeInLeft&#8221; button_block=&#8221;true&#8221; add_icon=&#8221;true&#8221; css=&#8221;.vc_custom_1585121502057{padding-right: 15px !important;padding-left: 5px !important;}&#8221;][\/vc_column_inner][\/vc_row_inner][\/vc_column][\/vc_row]<\/p>\n","protected":false},"excerpt":{"rendered":"<p>[vc_row css=&#8221;.vc_custom_1585121704375{background-color: rgba(255,255,255,0.05) !important;*background-color: rgb(255,255,255) !important;}&#8221; el_id=&#8221;bck&#8221;][vc_column][vc_hoverbox image=&#8221;11114&#8243; primary_title=&#8221;&#8221; hover_title=&#8221;RIQAS DKK (EQA)&#8221;][\/vc_hoverbox][vc_row_inner css=&#8221;.vc_custom_1585121557635{margin-right: 15px !important;}&#8221;][vc_column_inner width=&#8221;1\/3&#8243; css=&#8221;.vc_custom_1667998581729{margin-top: -10px !important;}&#8221; _et_uniqid=&#8221;et_custom_uniqid_new_636ba3724760a&#8221;][vc_btn title=&#8221;RIQAS DKK (EQA)&#8221; style=&#8221;custom&#8221; custom_background=&#8221;#d71920&#8243;&#8230;<\/p>\n","protected":false},"author":2,"featured_media":0,"parent":0,"menu_order":0,"comment_status":"closed","ping_status":"closed","template":"","meta":{"footnotes":""},"class_list":["post-10638","page","type-page","status-publish","hentry"],"_links":{"self":[{"href":"https:\/\/karcamedikal.com\/old\/wp-json\/wp\/v2\/pages\/10638","targetHints":{"allow":["GET"]}}],"collection":[{"href":"https:\/\/karcamedikal.com\/old\/wp-json\/wp\/v2\/pages"}],"about":[{"href":"https:\/\/karcamedikal.com\/old\/wp-json\/wp\/v2\/types\/page"}],"author":[{"embeddable":true,"href":"https:\/\/karcamedikal.com\/old\/wp-json\/wp\/v2\/users\/2"}],"replies":[{"embeddable":true,"href":"https:\/\/karcamedikal.com\/old\/wp-json\/wp\/v2\/comments?post=10638"}],"version-history":[{"count":3,"href":"https:\/\/karcamedikal.com\/old\/wp-json\/wp\/v2\/pages\/10638\/revisions"}],"predecessor-version":[{"id":11117,"href":"https:\/\/karcamedikal.com\/old\/wp-json\/wp\/v2\/pages\/10638\/revisions\/11117"}],"wp:attachment":[{"href":"https:\/\/karcamedikal.com\/old\/wp-json\/wp\/v2\/media?parent=10638"}],"curies":[{"name":"wp","href":"https:\/\/api.w.org\/{rel}","templated":true}]}}