{"id":10621,"date":"2020-04-01T20:17:35","date_gmt":"2020-04-01T17:17:35","guid":{"rendered":"http:\/\/karcamedikal.com\/yeni\/?page_id=10621"},"modified":"2022-12-15T22:08:26","modified_gmt":"2022-12-15T19:08:26","slug":"scantibodies-laboratory-inc","status":"publish","type":"page","link":"https:\/\/karcamedikal.com\/old\/scantibodies-laboratory-inc\/","title":{"rendered":"Scantibodies Laboratory"},"content":{"rendered":"<p>[vc_row css=&#8221;.vc_custom_1585121704375{background-color: rgba(255,255,255,0.05) !important;*background-color: rgb(255,255,255) !important;}&#8221; el_id=&#8221;bck&#8221;][vc_column][vc_hoverbox image=&#8221;11220&#8243; primary_title=&#8221;&#8221; hover_title=&#8221;SCANTIBODIES Laboratory, Inc&#8221;][\/vc_hoverbox][vc_row_inner css=&#8221;.vc_custom_1585121557635{margin-right: 15px !important;}&#8221;][vc_column_inner css=&#8221;.vc_custom_1668087523898{margin-top: -10px !important;}&#8221; _et_uniqid=&#8221;et_custom_uniqid_new_636cfed9cc013&#8243;][vc_btn title=&#8221;SCANTIBODIES Laboratory, Inc&#8221; style=&#8221;gradient&#8221; gradient_color_1=&#8221;blue&#8221; gradient_color_2=&#8221;turquoise&#8221; align=&#8221;left&#8221; css_animation=&#8221;none&#8221; button_block=&#8221;true&#8221; css=&#8221;.vc_custom_1669747687675{padding-right: 15px !important;padding-left: 5px !important;}&#8221;][\/vc_column_inner][\/vc_row_inner][\/vc_column][\/vc_row][vc_row css=&#8221;.vc_custom_1585121744428{padding-top: 40px !important;}&#8221; el_id=&#8221;bck&#8221;][vc_column css=&#8221;.vc_custom_1585224766893{margin-top: 15px !important;margin-right: 0px !important;}&#8221;][vc_column_text css=&#8221;.vc_custom_1669747976236{margin-right: 25px !important;margin-left: 25px !important;}&#8221;]<\/p>\n<p style=\"text-align: left;\"><img loading=\"lazy\" decoding=\"async\" class=\"alignleft wp-image-11475 \" src=\"https:\/\/karcamedikal.com\/old\/wp-content\/uploads\/2022\/11\/SLI_Imagotype-01-e1669747653444-300x160.png\" width=\"319\" height=\"170\" srcset=\"https:\/\/karcamedikal.com\/old\/wp-content\/uploads\/2022\/11\/SLI_Imagotype-01-e1669747653444-300x160.png 300w, https:\/\/karcamedikal.com\/old\/wp-content\/uploads\/2022\/11\/SLI_Imagotype-01-e1669747653444-1024x547.png 1024w, https:\/\/karcamedikal.com\/old\/wp-content\/uploads\/2022\/11\/SLI_Imagotype-01-e1669747653444-768x410.png 768w, https:\/\/karcamedikal.com\/old\/wp-content\/uploads\/2022\/11\/SLI_Imagotype-01-e1669747653444-1536x821.png 1536w, https:\/\/karcamedikal.com\/old\/wp-content\/uploads\/2022\/11\/SLI_Imagotype-01-e1669747653444-2048x1094.png 2048w, https:\/\/karcamedikal.com\/old\/wp-content\/uploads\/2022\/11\/SLI_Imagotype-01-e1669747653444-1x1.png 1w, https:\/\/karcamedikal.com\/old\/wp-content\/uploads\/2022\/11\/SLI_Imagotype-01-e1669747653444-10x5.png 10w, https:\/\/karcamedikal.com\/old\/wp-content\/uploads\/2022\/11\/SLI_Imagotype-01-e1669747653444-600x321.png 600w\" sizes=\"auto, (max-width: 319px) 100vw, 319px\" \/><span style=\"color: #1d2327;\"><strong>Scantibodies<\/strong>\u2019de amac\u0131m\u0131z; her bir hastan\u0131n En Do\u011fru Rehberlik e\u015fli\u011finde En Do\u011fru Sonucu ald\u0131\u011f\u0131n\u0131 g\u00f6rmektir; ancak b\u00f6ylece En Do\u011fru Tedaviye ula\u015fabilirler. \u00c7\u00fcnk\u00fc; Scantibodies\u2019de her \u015fey Hasta i\u00e7indir. <\/span><\/p>\n<p><strong><span style=\"color: #1d2327;\">Bloke Ediciler;<\/span><\/strong><\/p>\n<p><span style=\"color: #1d2327;\">Heterofilik antikorlar\u0131n varl\u0131\u011f\u0131 ve imm\u00fcnoassaylerde potansiyel interferans sebebi oldu\u011fu uzun y\u0131llard\u0131r bilinmektedir. Yak\u0131n zamanda; hasta sonu\u00e7lar\u0131nda potansiyel etkilerinin hatal\u0131 pozitiflikler oldu\u011fu sa\u011fl\u0131k kurullar\u0131 \u00a0taraf\u0131ndan tan\u0131mlanm\u0131\u015ft\u0131r.<\/span><\/p>\n<p><span style=\"color: #1d2327;\">Duyarl\u0131 \u00e7ift tarafl\u0131 imm\u00fcnometrik (sandwich) testlerin art\u0131\u015f\u0131 problemle ilgili kayg\u0131lar\u0131n b\u00fcy\u00fcmesine sebep olmu\u015ftur. Bu sebeple; Scantibodies Laboratuvar\u0131; \u00a0heterofilik antikor interferanslar\u0131n\u0131n ortaya \u00e7\u0131k\u0131\u015f\u0131n\u0131 asgariye indiren benzersiz bir heterofilik bloke edici reaktif \u00fcr\u00fcn zinciri olu\u015fturmu\u015ftur.<\/span>[\/vc_column_text][et_tabs][et_tab title=&#8221;HBT &#8211; Hetorofilik Antikor&#8221; tab_id=&#8221;1669744754181-eab11077-e8bc&#8221;][vc_column_text]<span style=\"color: #1d2327;\"><strong>Hetorofilik Antikor \u0130nterferans\u0131<\/strong><\/span><\/p>\n<p><img loading=\"lazy\" decoding=\"async\" class=\" wp-image-11483 alignleft\" src=\"https:\/\/karcamedikal.com\/old\/wp-content\/uploads\/2022\/11\/interferans.jpg\" alt=\"\" width=\"193\" height=\"158\" srcset=\"https:\/\/karcamedikal.com\/old\/wp-content\/uploads\/2022\/11\/interferans.jpg 300w, https:\/\/karcamedikal.com\/old\/wp-content\/uploads\/2022\/11\/interferans-1x1.jpg 1w, https:\/\/karcamedikal.com\/old\/wp-content\/uploads\/2022\/11\/interferans-10x8.jpg 10w\" sizes=\"auto, (max-width: 193px) 100vw, 193px\" \/><span style=\"color: #1d2327;\">Heterofilik bir \u00f6rnek; imm\u00fcnokimya testlerinde kullan\u0131lan hayvan antikorlar\u0131na ba\u011flanmaya e\u011filimli antikorlar i\u00e7eren bir serum veya plazma \u00f6rne\u011fidir. Heterofilik antkorlar\u0131n\u0131n test \u00fczerindeki interferans etkisi genellikle hatal\u0131 pozitif test sonucu olarak bildirilmektedir. Literat\u00fcrlerde; ayn\u0131 zamanda hatal\u0131 negatif sonu\u00e7lar da g\u00f6sterilmi\u015ftir.<\/span><\/p>\n<p><span style=\"color: #1d2327;\">A\u015fa\u011f\u0131daki diyagram; analit konsantrasyonunun pozitif test sonucu vermekle sorumlu oldu\u011fu normal bir sandwich imm\u00fcnoassayi a\u00e7\u0131klamaktad\u0131r.<\/span><\/p>\n<p><img loading=\"lazy\" decoding=\"async\" class=\"alignnone wp-image-11482\" src=\"https:\/\/karcamedikal.com\/old\/wp-content\/uploads\/2022\/11\/HBT-nrm.jpg\" alt=\"\" width=\"200\" height=\"129\" srcset=\"https:\/\/karcamedikal.com\/old\/wp-content\/uploads\/2022\/11\/HBT-nrm.jpg 300w, https:\/\/karcamedikal.com\/old\/wp-content\/uploads\/2022\/11\/HBT-nrm-1x1.jpg 1w, https:\/\/karcamedikal.com\/old\/wp-content\/uploads\/2022\/11\/HBT-nrm-10x6.jpg 10w\" sizes=\"auto, (max-width: 200px) 100vw, 200px\" \/><\/p>\n<p><span style=\"color: #1d2327;\">A\u015fa\u011f\u0131daki diyagram ise hatal\u0131 pozitif test sonucuna sebep olmu\u015f heterofilik antikor ba\u011flanmas\u0131 olan bir sandwich testi g\u00f6stermektedir.<\/span><\/p>\n<p><img loading=\"lazy\" decoding=\"async\" class=\"alignnone wp-image-11481\" src=\"https:\/\/karcamedikal.com\/old\/wp-content\/uploads\/2022\/11\/HBT-anrm.jpg\" alt=\"\" width=\"203\" height=\"166\" srcset=\"https:\/\/karcamedikal.com\/old\/wp-content\/uploads\/2022\/11\/HBT-anrm.jpg 300w, https:\/\/karcamedikal.com\/old\/wp-content\/uploads\/2022\/11\/HBT-anrm-1x1.jpg 1w, https:\/\/karcamedikal.com\/old\/wp-content\/uploads\/2022\/11\/HBT-anrm-10x8.jpg 10w\" sizes=\"auto, (max-width: 203px) 100vw, 203px\" \/><\/p>\n<p><strong>HBT (Hetorofilik Antikor Bloke Edici) T\u00fcp Prospekt\u00fcs\u00fc i\u00e7in<\/strong> <a target=\"_blank\" class=\"btn  medium\" href=\"https:\/\/karcamedikal.com\/old\/wp-content\/uploads\/2022\/11\/HBT_tr.pdf\"><span> t\u0131klay\u0131n\u0131z.<\/span><\/a>[\/vc_column_text][\/et_tab][et_tab title=&#8221;NABT &#8211; Non-Spesifik Antikor&#8221; tab_id=&#8221;1669744754224-fab03414-e64a&#8221;][vc_column_text]<strong>Non-Spesifik Antikor \u0130nterferans\u0131<\/strong><\/p>\n<p><span style=\"color: #1d2327;\">Bir Non-Spesifik Antikor \u00f6rne\u011fi; bir immunoassayde non-spesifik ba\u011flanmaya yatk\u0131n antikorlar i\u00e7eren serum veya plazmad\u0131r. Bu antikorlar hatal\u0131 pozitif sonu\u00e7lara sebep olur.<\/span><\/p>\n<p><span style=\"color: #1d2327;\">A\u015fa\u011f\u0131daki diyagram; <strong>spesifik antikor konsantrasyonunun<\/strong> sorumlu oldu\u011fu pozitif test sonu\u00e7lu bir antikor tespitini a\u00e7\u0131klar.<\/span><\/p>\n<p><img loading=\"lazy\" decoding=\"async\" class=\"alignnone wp-image-11477\" src=\"https:\/\/karcamedikal.com\/old\/wp-content\/uploads\/2022\/11\/NABT-nrml-300x234.jpg\" alt=\"\" width=\"200\" height=\"156\" srcset=\"https:\/\/karcamedikal.com\/old\/wp-content\/uploads\/2022\/11\/NABT-nrml-300x234.jpg 300w, https:\/\/karcamedikal.com\/old\/wp-content\/uploads\/2022\/11\/NABT-nrml-1x1.jpg 1w, https:\/\/karcamedikal.com\/old\/wp-content\/uploads\/2022\/11\/NABT-nrml-10x8.jpg 10w, https:\/\/karcamedikal.com\/old\/wp-content\/uploads\/2022\/11\/NABT-nrml.jpg 400w\" sizes=\"auto, (max-width: 200px) 100vw, 200px\" \/><\/p>\n<p>A\u015fa\u011f\u0131daki diyagram ise hatal\u0131 pozitif test sonucundan <strong>non-spesifik antikorun<\/strong> sorumlu oldu\u011fu bir antikor tespitini a\u00e7\u0131klar.<\/p>\n<p><img loading=\"lazy\" decoding=\"async\" class=\"alignnone wp-image-11476\" src=\"https:\/\/karcamedikal.com\/old\/wp-content\/uploads\/2022\/11\/NABT-anrml.jpg\" alt=\"\" width=\"200\" height=\"203\" srcset=\"https:\/\/karcamedikal.com\/old\/wp-content\/uploads\/2022\/11\/NABT-anrml.jpg 296w, https:\/\/karcamedikal.com\/old\/wp-content\/uploads\/2022\/11\/NABT-anrml-1x1.jpg 1w, https:\/\/karcamedikal.com\/old\/wp-content\/uploads\/2022\/11\/NABT-anrml-10x10.jpg 10w\" sizes=\"auto, (max-width: 200px) 100vw, 200px\" \/><\/p>\n<p><strong>NABT (Non-Spesifik Antikor Bloke Edici) T\u00fcp Prospekt\u00fcs\u00fc i\u00e7in <a target=\"_blank\" class=\"btn  medium\" href=\"https:\/\/karcamedikal.com\/old\/wp-content\/uploads\/2022\/11\/NABT_tr.pdf\"><span> t\u0131klay\u0131n\u0131z.<\/span><\/a><\/strong>[\/vc_column_text][\/et_tab][\/et_tabs][\/vc_column][\/vc_row]<\/p>\n","protected":false},"excerpt":{"rendered":"<p>[vc_row css=&#8221;.vc_custom_1585121704375{background-color: rgba(255,255,255,0.05) !important;*background-color: rgb(255,255,255) !important;}&#8221; el_id=&#8221;bck&#8221;][vc_column][vc_hoverbox image=&#8221;11220&#8243; primary_title=&#8221;&#8221; hover_title=&#8221;SCANTIBODIES Laboratory, Inc&#8221;][\/vc_hoverbox][vc_row_inner css=&#8221;.vc_custom_1585121557635{margin-right: 15px !important;}&#8221;][vc_column_inner css=&#8221;.vc_custom_1668087523898{margin-top: -10px !important;}&#8221; _et_uniqid=&#8221;et_custom_uniqid_new_636cfed9cc013&#8243;][vc_btn title=&#8221;SCANTIBODIES Laboratory, Inc&#8221; style=&#8221;gradient&#8221; gradient_color_1=&#8221;blue&#8221; gradient_color_2=&#8221;turquoise&#8221;&#8230;<\/p>\n","protected":false},"author":2,"featured_media":0,"parent":0,"menu_order":0,"comment_status":"closed","ping_status":"closed","template":"","meta":{"footnotes":""},"class_list":["post-10621","page","type-page","status-publish","hentry"],"_links":{"self":[{"href":"https:\/\/karcamedikal.com\/old\/wp-json\/wp\/v2\/pages\/10621","targetHints":{"allow":["GET"]}}],"collection":[{"href":"https:\/\/karcamedikal.com\/old\/wp-json\/wp\/v2\/pages"}],"about":[{"href":"https:\/\/karcamedikal.com\/old\/wp-json\/wp\/v2\/types\/page"}],"author":[{"embeddable":true,"href":"https:\/\/karcamedikal.com\/old\/wp-json\/wp\/v2\/users\/2"}],"replies":[{"embeddable":true,"href":"https:\/\/karcamedikal.com\/old\/wp-json\/wp\/v2\/comments?post=10621"}],"version-history":[{"count":25,"href":"https:\/\/karcamedikal.com\/old\/wp-json\/wp\/v2\/pages\/10621\/revisions"}],"predecessor-version":[{"id":11474,"href":"https:\/\/karcamedikal.com\/old\/wp-json\/wp\/v2\/pages\/10621\/revisions\/11474"}],"wp:attachment":[{"href":"https:\/\/karcamedikal.com\/old\/wp-json\/wp\/v2\/media?parent=10621"}],"curies":[{"name":"wp","href":"https:\/\/api.w.org\/{rel}","templated":true}]}}